{"id":9,"date":"2022-02-23T14:23:54","date_gmt":"2022-02-23T13:23:54","guid":{"rendered":"https:\/\/lehrer-werden.sachsen.schule\/?page_id=9"},"modified":"2025-07-24T17:37:03","modified_gmt":"2025-07-24T15:37:03","slug":"lehrer-quiz","status":"publish","type":"page","link":"https:\/\/lehrer-werden-in-sachsen.de\/stage\/lehrer-quiz\/","title":{"rendered":"Lehrer Quiz"},"content":{"rendered":"\t\t<div data-elementor-type=\"wp-page\" data-elementor-id=\"9\" class=\"elementor elementor-9\" data-elementor-post-type=\"page\">\n\t\t\t\t\t\t<section class=\"elementor-section elementor-top-section elementor-element elementor-element-59cdd93 elementor-section-full_width elementor-section-height-min-height elementor-section-height-default elementor-section-items-middle\" data-id=\"59cdd93\" data-element_type=\"section\" data-settings=\"{&quot;background_background&quot;:&quot;classic&quot;}\">\n\t\t\t\t\t\t<div class=\"elementor-container elementor-column-gap-default\">\n\t\t\t\t\t<div class=\"elementor-column elementor-col-100 elementor-top-column elementor-element elementor-element-3a37c73\" data-id=\"3a37c73\" data-element_type=\"column\">\n\t\t\t<div class=\"elementor-widget-wrap elementor-element-populated\">\n\t\t\t\t\t\t<div class=\"elementor-element elementor-element-3e5b088 close-button elementor-view-default elementor-widget elementor-widget-icon\" data-id=\"3e5b088\" data-element_type=\"widget\" data-widget_type=\"icon.default\">\n\t\t\t\t<div class=\"elementor-widget-container\">\n\t\t\t\t\t\t\t<div class=\"elementor-icon-wrapper\">\n\t\t\t<a class=\"elementor-icon\" href=\"\/\" tabindex=\"0\" role=\"button\">\n\t\t\t<svg xmlns=\"http:\/\/www.w3.org\/2000\/svg\" height=\"24px\" viewBox=\"0 0 24 24\" width=\"24px\" fill=\"#000000\"><path d=\"M0 0h24v24H0V0z\" fill=\"none\"><\/path><path d=\"M18.3 5.71c-.39-.39-1.02-.39-1.41 0L12 10.59 7.11 5.7c-.39-.39-1.02-.39-1.41 0-.39.39-.39 1.02 0 1.41L10.59 12 5.7 16.89c-.39.39-.39 1.02 0 1.41.39.39 1.02.39 1.41 0L12 13.41l4.89 4.89c.39.39 1.02.39 1.41 0 .39-.39.39-1.02 0-1.41L13.41 12l4.89-4.89c.38-.38.38-1.02 0-1.4z\"><\/path><\/svg>\t\t\t<\/a>\n\t\t<\/div>\n\t\t\t\t\t\t<\/div>\n\t\t\t\t<\/div>\n\t\t\t\t\t<\/div>\n\t\t<\/div>\n\t\t\t\t\t<\/div>\n\t\t<\/section>\n\t\t\t\t<section class=\"elementor-section elementor-top-section elementor-element elementor-element-e2382ce elementor-section-full_width elementor-section-height-min-height elementor-section-items-top elementor-section-content-top elementor-section-height-default\" data-id=\"e2382ce\" data-element_type=\"section\" data-settings=\"{&quot;background_background&quot;:&quot;classic&quot;}\">\n\t\t\t\t\t\t<div class=\"elementor-container elementor-column-gap-no\">\n\t\t\t\t\t<div class=\"elementor-column elementor-col-50 elementor-top-column elementor-element elementor-element-1eed818\" data-id=\"1eed818\" data-element_type=\"column\">\n\t\t\t<div class=\"elementor-widget-wrap elementor-element-populated\">\n\t\t\t\t\t\t<div class=\"elementor-element elementor-element-8a30abe chained-quiz-title elementor-widget elementor-widget-heading\" data-id=\"8a30abe\" data-element_type=\"widget\" data-widget_type=\"heading.default\">\n\t\t\t\t<div class=\"elementor-widget-container\">\n\t\t\t\t\t<h3 class=\"elementor-heading-title elementor-size-default\">Lehrertyp-Test<\/h3>\t\t\t\t<\/div>\n\t\t\t\t<\/div>\n\t\t\t\t<div class=\"elementor-element elementor-element-ab0c345 quiz-section elementor-widget elementor-widget-shortcode\" data-id=\"ab0c345\" data-element_type=\"widget\" data-widget_type=\"shortcode.default\">\n\t\t\t\t<div class=\"elementor-widget-container\">\n\t\t\t\t\t\t\t<div class=\"elementor-shortcode\">\t\t \t\t<script type=\"text\/javascript\" >\n\t\t\t  \tvar d = new Date();\n\t\t\t\td.setTime(d.getTime() + (24*3600*1000));\n\t\t\t\tvar expires = \"expires=\"+ d.toUTCString();     \t\t\t\t\n\t\t\t  \tdocument.cookie = \"chained_completion_id1=47314;\" + expires + \";path=\/\";\n\t\t\t  \t<\/script>\n\t\t\t<div class=\"chained-quiz\" id=\"chained-quiz-div-1\"><form method=\"post\" id=\"chained-quiz-form-1\">\n\t<div class=\"chained-quiz-area\" id=\"chained-quiz-wrap-1\">\n\t\t \n\t\t<div class=\"chained-quiz-question\" id=\"chained-quiz-question-1\">\n\t\t\t<p>Ist es dir wichtig, was andere Menschen von dir denken?<\/p>\n\t\t<\/div>\n\t\t\n\t\t<div class=\"chained-quiz-choices\" id=\"chained-quiz-choices-1\">\n\t\t\t\t<!--hide_go_ahead--><div class='chained-quiz-choice'><label class='chained-quiz-label'><input class='chained-quiz-frontend chained-quiz-radio' type='radio' name='answer' value='1' onclick=\"chainedQuiz.goon(1, 'https:\/\/lehrer-werden-in-sachsen.de\/stage\/wp-admin\/admin-ajax.php');\"> Ja<\/label><\/div><div class='chained-quiz-choice'><label class='chained-quiz-label'><input class='chained-quiz-frontend chained-quiz-radio' type='radio' name='answer' value='2' onclick=\"chainedQuiz.goon(1, 'https:\/\/lehrer-werden-in-sachsen.de\/stage\/wp-admin\/admin-ajax.php');\"> Nein<\/label><\/div>\t\t<\/div>\n\t\t\n\t\t\t\t\n\t\t\t\t\n\t\t<div class=\"chained-quiz-action\" style='display:none'>\n\t\t\t<input type=\"button\" id=\"chained-quiz-action-1\" value=\"Go ahead\" onclick=\"chainedQuiz.goon(1, 'https:\/\/lehrer-werden-in-sachsen.de\/stage\/wp-admin\/admin-ajax.php');\" disabled=\"true\">\n\t\t\t<img decoding=\"async\" src=\"https:\/\/lehrer-werden-in-sachsen.de\/stage\/wp-content\/plugins\/chained-quiz\/img\/loading.gif\" width=\"32\" height=\"32\" alt=\"Loading...\" style=\"display: none;\" id=\"chainedLoading\">\n\t\t<\/div>\n\t<\/div>\n\t<input type=\"hidden\" name=\"question_id\" value=\"1\">\n\t<input type=\"hidden\" name=\"quiz_id\" value=\"1\">\n\t<input type=\"hidden\" name=\"post_id\" value=\"9\">\n\t<input type=\"hidden\" name=\"question_type\" value=\"radio\">\n\t<input type=\"hidden\" name=\"points\" value=\"0\">\n<\/form>\n<\/div>\n<script type=\"text\/javascript\" >\njQuery(function(){\n\tchainedQuiz.initializeQuestion(1);\t\n});\n\n\/\/ prevent enter key from reloading the form\njQuery(document).ready(function() {\n  jQuery(window).keydown(function(event){\n    if(event.keyCode == 13) {\n      event.preventDefault();\n      return false;\n    }\n  });\n});\n<\/script><\/div>\n\t\t\t\t\t\t<\/div>\n\t\t\t\t<\/div>\n\t\t\t\t\t<\/div>\n\t\t<\/div>\n\t\t\t\t<div class=\"elementor-column elementor-col-50 elementor-top-column elementor-element elementor-element-a40094b\" data-id=\"a40094b\" data-element_type=\"column\">\n\t\t\t<div class=\"elementor-widget-wrap elementor-element-populated\">\n\t\t\t\t\t\t<div class=\"elementor-element elementor-element-7e57f75 quiz-picture elementor-widget elementor-widget-image\" data-id=\"7e57f75\" data-element_type=\"widget\" data-widget_type=\"image.default\">\n\t\t\t\t<div class=\"elementor-widget-container\">\n\t\t\t\t\t\t\t\t\t\t\t\t\t\t\t<img fetchpriority=\"high\" decoding=\"async\" width=\"1000\" height=\"875\" src=\"https:\/\/lehrer-werden-in-sachsen.de\/stage\/wp-content\/uploads\/2022\/03\/lehrertyp-test-2-1.png\" class=\"attachment-full size-full wp-image-3979\" alt=\"Frau mit langen, lockigen Haaren und einem nachdenklichen Gesichtsausdruck in einem hellen Oberteil.\" srcset=\"https:\/\/lehrer-werden-in-sachsen.de\/stage\/wp-content\/uploads\/2022\/03\/lehrertyp-test-2-1.png 1000w, https:\/\/lehrer-werden-in-sachsen.de\/stage\/wp-content\/uploads\/2022\/03\/lehrertyp-test-2-1-300x263.png 300w, https:\/\/lehrer-werden-in-sachsen.de\/stage\/wp-content\/uploads\/2022\/03\/lehrertyp-test-2-1-768x672.png 768w\" sizes=\"(max-width: 1000px) 100vw, 1000px\" \/>\t\t\t\t\t\t\t\t\t\t\t\t\t\t\t<\/div>\n\t\t\t\t<\/div>\n\t\t\t\t\t<\/div>\n\t\t<\/div>\n\t\t\t\t\t<\/div>\n\t\t<\/section>\n\t\t\t\t<\/div>\n\t\t","protected":false},"excerpt":{"rendered":"<p>Lehrertyp-Test<\/p>\n","protected":false},"author":13,"featured_media":0,"parent":0,"menu_order":0,"comment_status":"closed","ping_status":"closed","template":"","meta":{"footnotes":""},"class_list":["post-9","page","type-page","status-publish","hentry"],"yoast_head":"<!-- This site is optimized with the Yoast SEO plugin v26.8 - https:\/\/yoast.com\/product\/yoast-seo-wordpress\/ -->\n<title>LEHRERIN SACHSEN | Lehrerquiz<\/title>\n<meta name=\"description\" content=\"Welcher Lehrertyp bist du und wie werden dich deine Sch\u00fclerinnen und Sch\u00fcler sp\u00e4ter sehen? Mach&#039; unseren Test und finde es heraus!\" \/>\n<meta name=\"robots\" content=\"index, follow, max-snippet:-1, max-image-preview:large, max-video-preview:-1\" \/>\n<link rel=\"canonical\" href=\"https:\/\/lehrer-werden-in-sachsen.de\/stage\/lehrer-quiz\/\" \/>\n<meta property=\"og:locale\" content=\"de_DE\" \/>\n<meta property=\"og:type\" content=\"article\" \/>\n<meta property=\"og:title\" content=\"LEHRERIN SACHSEN | Lehrerquiz\" \/>\n<meta property=\"og:description\" content=\"Welcher Lehrertyp bist du und wie werden dich deine Sch\u00fclerinnen und Sch\u00fcler sp\u00e4ter sehen? Mach&#039; unseren Test und finde es heraus!\" \/>\n<meta property=\"og:url\" content=\"https:\/\/lehrer-werden-in-sachsen.de\/stage\/lehrer-quiz\/\" \/>\n<meta property=\"og:site_name\" content=\"LEHRER IN SACHSEN\" \/>\n<meta property=\"article:modified_time\" content=\"2025-07-24T15:37:03+00:00\" \/>\n<meta property=\"og:image\" content=\"https:\/\/lehrer-werden-in-sachsen.de\/stage\/wp-content\/uploads\/2022\/03\/lehrertyp-test-2-1.png\" \/>\n<meta name=\"twitter:card\" content=\"summary_large_image\" \/>\n<meta name=\"twitter:label1\" content=\"Gesch\u00e4tzte Lesezeit\" \/>\n\t<meta name=\"twitter:data1\" content=\"1\u00a0Minute\" \/>\n<script type=\"application\/ld+json\" class=\"yoast-schema-graph\">{\"@context\":\"https:\/\/schema.org\",\"@graph\":[{\"@type\":\"WebPage\",\"@id\":\"https:\/\/lehrer-werden-in-sachsen.de\/stage\/lehrer-quiz\/\",\"url\":\"https:\/\/lehrer-werden-in-sachsen.de\/stage\/lehrer-quiz\/\",\"name\":\"LEHRERIN SACHSEN | Lehrerquiz\",\"isPartOf\":{\"@id\":\"https:\/\/lehrer-werden-in-sachsen.de\/stage\/#website\"},\"primaryImageOfPage\":{\"@id\":\"https:\/\/lehrer-werden-in-sachsen.de\/stage\/lehrer-quiz\/#primaryimage\"},\"image\":{\"@id\":\"https:\/\/lehrer-werden-in-sachsen.de\/stage\/lehrer-quiz\/#primaryimage\"},\"thumbnailUrl\":\"https:\/\/lehrer-werden-in-sachsen.de\/stage\/wp-content\/uploads\/2022\/03\/lehrertyp-test-2-1.png\",\"datePublished\":\"2022-02-23T13:23:54+00:00\",\"dateModified\":\"2025-07-24T15:37:03+00:00\",\"description\":\"Welcher Lehrertyp bist du und wie werden dich deine Sch\u00fclerinnen und Sch\u00fcler sp\u00e4ter sehen? Mach' unseren Test und finde es heraus!\",\"breadcrumb\":{\"@id\":\"https:\/\/lehrer-werden-in-sachsen.de\/stage\/lehrer-quiz\/#breadcrumb\"},\"inLanguage\":\"de\",\"potentialAction\":[{\"@type\":\"ReadAction\",\"target\":[\"https:\/\/lehrer-werden-in-sachsen.de\/stage\/lehrer-quiz\/\"]}]},{\"@type\":\"ImageObject\",\"inLanguage\":\"de\",\"@id\":\"https:\/\/lehrer-werden-in-sachsen.de\/stage\/lehrer-quiz\/#primaryimage\",\"url\":\"https:\/\/lehrer-werden-in-sachsen.de\/stage\/wp-content\/uploads\/2022\/03\/lehrertyp-test-2-1.png\",\"contentUrl\":\"https:\/\/lehrer-werden-in-sachsen.de\/stage\/wp-content\/uploads\/2022\/03\/lehrertyp-test-2-1.png\",\"width\":1000,\"height\":875,\"caption\":\"Frau mit langen, lockigen Haaren und einem nachdenklichen Gesichtsausdruck in einem hellen Oberteil.\"},{\"@type\":\"BreadcrumbList\",\"@id\":\"https:\/\/lehrer-werden-in-sachsen.de\/stage\/lehrer-quiz\/#breadcrumb\",\"itemListElement\":[{\"@type\":\"ListItem\",\"position\":1,\"name\":\"Startseite\",\"item\":\"https:\/\/lehrer-werden-in-sachsen.de\/stage\/\"},{\"@type\":\"ListItem\",\"position\":2,\"name\":\"Lehrer Quiz\"}]},{\"@type\":\"WebSite\",\"@id\":\"https:\/\/lehrer-werden-in-sachsen.de\/stage\/#website\",\"url\":\"https:\/\/lehrer-werden-in-sachsen.de\/stage\/\",\"name\":\"LEHRER IN SACHSEN\",\"description\":\"Eine Klasse f\u00fcr sich.\",\"publisher\":{\"@id\":\"https:\/\/lehrer-werden-in-sachsen.de\/stage\/#organization\"},\"potentialAction\":[{\"@type\":\"SearchAction\",\"target\":{\"@type\":\"EntryPoint\",\"urlTemplate\":\"https:\/\/lehrer-werden-in-sachsen.de\/stage\/?s={search_term_string}\"},\"query-input\":{\"@type\":\"PropertyValueSpecification\",\"valueRequired\":true,\"valueName\":\"search_term_string\"}}],\"inLanguage\":\"de\"},{\"@type\":\"Organization\",\"@id\":\"https:\/\/lehrer-werden-in-sachsen.de\/stage\/#organization\",\"name\":\"LEHRER IN SACHSEN\",\"url\":\"https:\/\/lehrer-werden-in-sachsen.de\/stage\/\",\"logo\":{\"@type\":\"ImageObject\",\"inLanguage\":\"de\",\"@id\":\"https:\/\/lehrer-werden-in-sachsen.de\/stage\/#\/schema\/logo\/image\/\",\"url\":\"https:\/\/lehrer-werden-in-sachsen.de\/stage\/wp-content\/uploads\/2022\/02\/SMK_Leherin-Sachsen-Marke_RGB_Violett-Orange.svg\",\"contentUrl\":\"https:\/\/lehrer-werden-in-sachsen.de\/stage\/wp-content\/uploads\/2022\/02\/SMK_Leherin-Sachsen-Marke_RGB_Violett-Orange.svg\",\"caption\":\"LEHRER IN SACHSEN\"},\"image\":{\"@id\":\"https:\/\/lehrer-werden-in-sachsen.de\/stage\/#\/schema\/logo\/image\/\"}}]}<\/script>\n<!-- \/ Yoast SEO plugin. -->","yoast_head_json":{"title":"LEHRERIN SACHSEN | Lehrerquiz","description":"Welcher Lehrertyp bist du und wie werden dich deine Sch\u00fclerinnen und Sch\u00fcler sp\u00e4ter sehen? Mach' unseren Test und finde es heraus!","robots":{"index":"index","follow":"follow","max-snippet":"max-snippet:-1","max-image-preview":"max-image-preview:large","max-video-preview":"max-video-preview:-1"},"canonical":"https:\/\/lehrer-werden-in-sachsen.de\/stage\/lehrer-quiz\/","og_locale":"de_DE","og_type":"article","og_title":"LEHRERIN SACHSEN | Lehrerquiz","og_description":"Welcher Lehrertyp bist du und wie werden dich deine Sch\u00fclerinnen und Sch\u00fcler sp\u00e4ter sehen? Mach' unseren Test und finde es heraus!","og_url":"https:\/\/lehrer-werden-in-sachsen.de\/stage\/lehrer-quiz\/","og_site_name":"LEHRER IN SACHSEN","article_modified_time":"2025-07-24T15:37:03+00:00","og_image":[{"url":"https:\/\/lehrer-werden-in-sachsen.de\/stage\/wp-content\/uploads\/2022\/03\/lehrertyp-test-2-1.png","type":"","width":"","height":""}],"twitter_card":"summary_large_image","twitter_misc":{"Gesch\u00e4tzte Lesezeit":"1\u00a0Minute"},"schema":{"@context":"https:\/\/schema.org","@graph":[{"@type":"WebPage","@id":"https:\/\/lehrer-werden-in-sachsen.de\/stage\/lehrer-quiz\/","url":"https:\/\/lehrer-werden-in-sachsen.de\/stage\/lehrer-quiz\/","name":"LEHRERIN SACHSEN | Lehrerquiz","isPartOf":{"@id":"https:\/\/lehrer-werden-in-sachsen.de\/stage\/#website"},"primaryImageOfPage":{"@id":"https:\/\/lehrer-werden-in-sachsen.de\/stage\/lehrer-quiz\/#primaryimage"},"image":{"@id":"https:\/\/lehrer-werden-in-sachsen.de\/stage\/lehrer-quiz\/#primaryimage"},"thumbnailUrl":"https:\/\/lehrer-werden-in-sachsen.de\/stage\/wp-content\/uploads\/2022\/03\/lehrertyp-test-2-1.png","datePublished":"2022-02-23T13:23:54+00:00","dateModified":"2025-07-24T15:37:03+00:00","description":"Welcher Lehrertyp bist du und wie werden dich deine Sch\u00fclerinnen und Sch\u00fcler sp\u00e4ter sehen? Mach' unseren Test und finde es heraus!","breadcrumb":{"@id":"https:\/\/lehrer-werden-in-sachsen.de\/stage\/lehrer-quiz\/#breadcrumb"},"inLanguage":"de","potentialAction":[{"@type":"ReadAction","target":["https:\/\/lehrer-werden-in-sachsen.de\/stage\/lehrer-quiz\/"]}]},{"@type":"ImageObject","inLanguage":"de","@id":"https:\/\/lehrer-werden-in-sachsen.de\/stage\/lehrer-quiz\/#primaryimage","url":"https:\/\/lehrer-werden-in-sachsen.de\/stage\/wp-content\/uploads\/2022\/03\/lehrertyp-test-2-1.png","contentUrl":"https:\/\/lehrer-werden-in-sachsen.de\/stage\/wp-content\/uploads\/2022\/03\/lehrertyp-test-2-1.png","width":1000,"height":875,"caption":"Frau mit langen, lockigen Haaren und einem nachdenklichen Gesichtsausdruck in einem hellen Oberteil."},{"@type":"BreadcrumbList","@id":"https:\/\/lehrer-werden-in-sachsen.de\/stage\/lehrer-quiz\/#breadcrumb","itemListElement":[{"@type":"ListItem","position":1,"name":"Startseite","item":"https:\/\/lehrer-werden-in-sachsen.de\/stage\/"},{"@type":"ListItem","position":2,"name":"Lehrer Quiz"}]},{"@type":"WebSite","@id":"https:\/\/lehrer-werden-in-sachsen.de\/stage\/#website","url":"https:\/\/lehrer-werden-in-sachsen.de\/stage\/","name":"LEHRER IN SACHSEN","description":"Eine Klasse f\u00fcr sich.","publisher":{"@id":"https:\/\/lehrer-werden-in-sachsen.de\/stage\/#organization"},"potentialAction":[{"@type":"SearchAction","target":{"@type":"EntryPoint","urlTemplate":"https:\/\/lehrer-werden-in-sachsen.de\/stage\/?s={search_term_string}"},"query-input":{"@type":"PropertyValueSpecification","valueRequired":true,"valueName":"search_term_string"}}],"inLanguage":"de"},{"@type":"Organization","@id":"https:\/\/lehrer-werden-in-sachsen.de\/stage\/#organization","name":"LEHRER IN SACHSEN","url":"https:\/\/lehrer-werden-in-sachsen.de\/stage\/","logo":{"@type":"ImageObject","inLanguage":"de","@id":"https:\/\/lehrer-werden-in-sachsen.de\/stage\/#\/schema\/logo\/image\/","url":"https:\/\/lehrer-werden-in-sachsen.de\/stage\/wp-content\/uploads\/2022\/02\/SMK_Leherin-Sachsen-Marke_RGB_Violett-Orange.svg","contentUrl":"https:\/\/lehrer-werden-in-sachsen.de\/stage\/wp-content\/uploads\/2022\/02\/SMK_Leherin-Sachsen-Marke_RGB_Violett-Orange.svg","caption":"LEHRER IN SACHSEN"},"image":{"@id":"https:\/\/lehrer-werden-in-sachsen.de\/stage\/#\/schema\/logo\/image\/"}}]}},"_links":{"self":[{"href":"https:\/\/lehrer-werden-in-sachsen.de\/stage\/wp-json\/wp\/v2\/pages\/9","targetHints":{"allow":["GET"]}}],"collection":[{"href":"https:\/\/lehrer-werden-in-sachsen.de\/stage\/wp-json\/wp\/v2\/pages"}],"about":[{"href":"https:\/\/lehrer-werden-in-sachsen.de\/stage\/wp-json\/wp\/v2\/types\/page"}],"author":[{"embeddable":true,"href":"https:\/\/lehrer-werden-in-sachsen.de\/stage\/wp-json\/wp\/v2\/users\/13"}],"replies":[{"embeddable":true,"href":"https:\/\/lehrer-werden-in-sachsen.de\/stage\/wp-json\/wp\/v2\/comments?post=9"}],"version-history":[{"count":124,"href":"https:\/\/lehrer-werden-in-sachsen.de\/stage\/wp-json\/wp\/v2\/pages\/9\/revisions"}],"predecessor-version":[{"id":22033,"href":"https:\/\/lehrer-werden-in-sachsen.de\/stage\/wp-json\/wp\/v2\/pages\/9\/revisions\/22033"}],"wp:attachment":[{"href":"https:\/\/lehrer-werden-in-sachsen.de\/stage\/wp-json\/wp\/v2\/media?parent=9"}],"curies":[{"name":"wp","href":"https:\/\/api.w.org\/{rel}","templated":true}]}}