{"id":14973,"date":"2024-05-16T15:40:55","date_gmt":"2024-05-16T13:40:55","guid":{"rendered":"https:\/\/lehrer-werden-in-sachsen.de\/stage\/?page_id=14973"},"modified":"2025-12-03T20:10:20","modified_gmt":"2025-12-03T19:10:20","slug":"infos-fuer-auslaendische-lehrkrafte","status":"publish","type":"page","link":"https:\/\/lehrer-werden-in-sachsen.de\/stage\/infos-fuer-auslaendische-lehrkrafte\/","title":{"rendered":"Infos f\u00fcr ausl\u00e4ndische Lehrkr\u00e4fte"},"content":{"rendered":"<div  class=\"ewd-ufaq-faq-list ewd-ufaq-page-type-distinct ewd-ufaq-category-tabs-\" id='ewd-ufaq-faq-list'>\n\n\t<input type='hidden' name='show_on_load' value='' id='ewd-ufaq-show-on-load' \/>\n<input type='hidden' name='include_category' value='' id='ewd-ufaq-include-category' \/>\n<input type='hidden' name='exclude_category' value='' id='ewd-ufaq-exclude-category' \/>\n<input type='hidden' name='orderby' value='date' id='ewd-ufaq-orderby' \/>\n<input type='hidden' name='order' value='desc' id='ewd-ufaq-order' \/>\n<input type='hidden' name='post_count' value='-1' id='ewd-ufaq-post-count' \/>\n<input type='hidden' name='current_url' value='\/stage\/wp-json\/wp\/v2\/pages\/14973' id='ewd-ufaq-current-url' \/>\n\t\n\t\n\t<div class='ewd-ufaq-faqs'>\n\n\t\t<div  class=\"ewd-ufaq-faq-div ewd-ufaq-faq-column-count-one ewd-ufaq-faq-responsive-columns- ewd-ufaq-faq-display-style-default ewd-ufaq-can-be-toggled\" id='ewd-ufaq-post-15041-g0ehvz2yNG' data-post_id='15041'>\n\n\t\t\n\t<div class='ewd-ufaq-faq-title ewd-ufaq-faq-toggle'>\n\t\n\t<a class='ewd-ufaq-post-margin'  href='#' role=\"button\">\n\n\t\t<div class='ewd-ufaq-post-margin-symbol ewd-ufaq-'>\n\t\t\t<span >A<\/span>\n\t\t<\/div>\n\n\t\t<div class='ewd-ufaq-faq-title-text'>\n\n\t\t\t<h4>\n\t\t\t\tWelche Regionen geh\u00f6ren zum jeweiligen Standort des Landesamtes f\u00fcr Schule und Bildung?\t\t\t<\/h4>\n\n\t\t<\/div>\n\n\t\t<div class='ewd-ufaq-clear'><\/div>\n\n\t<\/a>\n\t\n<\/div>\n\t\n\t<div class='ewd-ufaq-faq-body' >\n\n\t\t\n\t\t\t\n\t\t\n\t\t\t<div class='ewd-ufaq-post-margin ewd-ufaq-faq-post'>\n\t<p>Die Regionen zu den einzelnen Standorten des Landesamtes f\u00fcr Schule und Bildung (Bautzen, Chemnitz, Dresden, Leipzig, Zwickau) findest du auf der <a href=\"https:\/\/lehrer-werden-in-sachsen.de\/stage\/wp-content\/uploads\/2022\/03\/smk-lasub-regionen-sachsen-2.pdf\" title=\"Standorte des Landesamtes f\u00fcr Schule und Bildung\" target=\"_blank\" rel=\"noopener\">Karte zum Download (PDF)<\/a>.<\/p>\n<\/div>\n\t\t\n\t\t\t\n\t\t\n\t\t\t\n\t\t\n\t\t\t\n\t\t\n\t\t\t\n\t\t\n\t\t\t\n\t\t\n\t\t\t\n\t\t\n\t\t\t\n\t\t\n\t\t\t\n\t\t\n\t<\/div>\n\n<\/div>\n\t<\/div>\n\n\t\n<\/div>","protected":false},"excerpt":{"rendered":"<p>A Welche Regionen geh\u00f6ren zum jeweiligen Standort des Landesamtes f\u00fcr Schule und Bildung? Die Regionen zu den einzelnen Standorten des Landesamtes f\u00fcr Schule und Bildung (Bautzen, Chemnitz, Dresden, Leipzig, Zwickau) findest du auf der Karte zum Download (PDF).<\/p>\n","protected":false},"author":13,"featured_media":15062,"parent":0,"menu_order":0,"comment_status":"closed","ping_status":"closed","template":"","meta":{"footnotes":""},"class_list":["post-14973","page","type-page","status-publish","has-post-thumbnail","hentry"],"yoast_head":"<!-- This site is optimized with the Yoast SEO plugin v27.3 - https:\/\/yoast.com\/product\/yoast-seo-wordpress\/ -->\n<title>LEHRERIN SACHSEN | Infos f\u00fcr ausl\u00e4ndische Lehrkr\u00e4fte<\/title>\n<meta name=\"description\" content=\"Dein Karrierestart als Lehrkraft in Sachsen. Erhalte Antworten auf deine Fragen zur Beratung, Zeugnisanerkennung, Verbeamtung etc.\" \/>\n<meta name=\"robots\" content=\"index, follow, max-snippet:-1, max-image-preview:large, max-video-preview:-1\" \/>\n<link rel=\"canonical\" href=\"https:\/\/lehrer-werden-in-sachsen.de\/infos-fuer-auslaendische-lehrkrafte\/\" \/>\n<meta property=\"og:locale\" content=\"de_DE\" \/>\n<meta property=\"og:type\" content=\"article\" \/>\n<meta property=\"og:title\" content=\"LEHRERIN SACHSEN | Infos f\u00fcr ausl\u00e4ndische Lehrkr\u00e4fte\" \/>\n<meta property=\"og:description\" content=\"Dein Karrierestart als Lehrkraft in Sachsen. Erhalte Antworten auf deine Fragen zur Beratung, Zeugnisanerkennung, Verbeamtung etc.\" \/>\n<meta property=\"og:url\" content=\"https:\/\/lehrer-werden-in-sachsen.de\/infos-fuer-auslaendische-lehrkrafte\/\" \/>\n<meta property=\"og:site_name\" content=\"LEHRERIN SACHSEN\" \/>\n<meta property=\"article:modified_time\" content=\"2025-12-03T19:10:20+00:00\" \/>\n<meta property=\"og:image\" content=\"https:\/\/lehrer-werden-in-sachsen.de\/wp-content\/uploads\/2024\/05\/lehrerinsachsen_header_infos_fuer_auslaendische_bewerber.jpg\" \/>\n\t<meta property=\"og:image:width\" content=\"1920\" \/>\n\t<meta property=\"og:image:height\" content=\"1080\" \/>\n\t<meta property=\"og:image:type\" content=\"image\/jpeg\" \/>\n<meta name=\"twitter:card\" content=\"summary_large_image\" \/>\n<meta name=\"twitter:label1\" content=\"Gesch\u00e4tzte Lesezeit\" \/>\n\t<meta name=\"twitter:data1\" content=\"3\u00a0Minuten\" \/>\n<script type=\"application\/ld+json\" class=\"yoast-schema-graph\">{\"@context\":\"https:\\\/\\\/schema.org\",\"@graph\":[{\"@type\":\"WebPage\",\"@id\":\"https:\\\/\\\/lehrer-werden-in-sachsen.de\\\/infos-fuer-auslaendische-lehrkrafte\\\/\",\"url\":\"https:\\\/\\\/lehrer-werden-in-sachsen.de\\\/infos-fuer-auslaendische-lehrkrafte\\\/\",\"name\":\"LEHRERIN SACHSEN | Infos f\u00fcr ausl\u00e4ndische Lehrkr\u00e4fte\",\"isPartOf\":{\"@id\":\"https:\\\/\\\/lehrer-werden-in-sachsen.de\\\/#website\"},\"primaryImageOfPage\":{\"@id\":\"https:\\\/\\\/lehrer-werden-in-sachsen.de\\\/infos-fuer-auslaendische-lehrkrafte\\\/#primaryimage\"},\"image\":{\"@id\":\"https:\\\/\\\/lehrer-werden-in-sachsen.de\\\/infos-fuer-auslaendische-lehrkrafte\\\/#primaryimage\"},\"thumbnailUrl\":\"https:\\\/\\\/lehrer-werden-in-sachsen.de\\\/stage\\\/wp-content\\\/uploads\\\/2024\\\/05\\\/lehrerinsachsen_header_infos_fuer_auslaendische_bewerber.jpg\",\"datePublished\":\"2024-05-16T13:40:55+00:00\",\"dateModified\":\"2025-12-03T19:10:20+00:00\",\"description\":\"Dein Karrierestart als Lehrkraft in Sachsen. Erhalte Antworten auf deine Fragen zur Beratung, Zeugnisanerkennung, Verbeamtung etc.\",\"breadcrumb\":{\"@id\":\"https:\\\/\\\/lehrer-werden-in-sachsen.de\\\/infos-fuer-auslaendische-lehrkrafte\\\/#breadcrumb\"},\"inLanguage\":\"de\",\"potentialAction\":[{\"@type\":\"ReadAction\",\"target\":[\"https:\\\/\\\/lehrer-werden-in-sachsen.de\\\/infos-fuer-auslaendische-lehrkrafte\\\/\"]}]},{\"@type\":\"ImageObject\",\"inLanguage\":\"de\",\"@id\":\"https:\\\/\\\/lehrer-werden-in-sachsen.de\\\/infos-fuer-auslaendische-lehrkrafte\\\/#primaryimage\",\"url\":\"https:\\\/\\\/lehrer-werden-in-sachsen.de\\\/stage\\\/wp-content\\\/uploads\\\/2024\\\/05\\\/lehrerinsachsen_header_infos_fuer_auslaendische_bewerber.jpg\",\"contentUrl\":\"https:\\\/\\\/lehrer-werden-in-sachsen.de\\\/stage\\\/wp-content\\\/uploads\\\/2024\\\/05\\\/lehrerinsachsen_header_infos_fuer_auslaendische_bewerber.jpg\",\"width\":1920,\"height\":1080,\"caption\":\"Regal mit Sch\u00fcler-Unterlagen\"},{\"@type\":\"BreadcrumbList\",\"@id\":\"https:\\\/\\\/lehrer-werden-in-sachsen.de\\\/infos-fuer-auslaendische-lehrkrafte\\\/#breadcrumb\",\"itemListElement\":[{\"@type\":\"ListItem\",\"position\":1,\"name\":\"Startseite\",\"item\":\"https:\\\/\\\/lehrer-werden-in-sachsen.de\\\/\"},{\"@type\":\"ListItem\",\"position\":2,\"name\":\"Infos f\u00fcr ausl\u00e4ndische Lehrkr\u00e4fte\"}]},{\"@type\":\"WebSite\",\"@id\":\"https:\\\/\\\/lehrer-werden-in-sachsen.de\\\/#website\",\"url\":\"https:\\\/\\\/lehrer-werden-in-sachsen.de\\\/\",\"name\":\"LEHRERIN SACHSEN\",\"description\":\"Eine Klasse f\u00fcr sich.\",\"publisher\":{\"@id\":\"https:\\\/\\\/lehrer-werden-in-sachsen.de\\\/#organization\"},\"potentialAction\":[{\"@type\":\"SearchAction\",\"target\":{\"@type\":\"EntryPoint\",\"urlTemplate\":\"https:\\\/\\\/lehrer-werden-in-sachsen.de\\\/?s={search_term_string}\"},\"query-input\":{\"@type\":\"PropertyValueSpecification\",\"valueRequired\":true,\"valueName\":\"search_term_string\"}}],\"inLanguage\":\"de\"},{\"@type\":\"Organization\",\"@id\":\"https:\\\/\\\/lehrer-werden-in-sachsen.de\\\/#organization\",\"name\":\"LEHRERIN SACHSEN\",\"url\":\"https:\\\/\\\/lehrer-werden-in-sachsen.de\\\/\",\"logo\":{\"@type\":\"ImageObject\",\"inLanguage\":\"de\",\"@id\":\"https:\\\/\\\/lehrer-werden-in-sachsen.de\\\/#\\\/schema\\\/logo\\\/image\\\/\",\"url\":\"https:\\\/\\\/lehrer-werden-in-sachsen.de\\\/stage\\\/wp-content\\\/uploads\\\/2022\\\/02\\\/SMK_Leherin-Sachsen-Marke_RGB_Violett-Orange.svg\",\"contentUrl\":\"https:\\\/\\\/lehrer-werden-in-sachsen.de\\\/stage\\\/wp-content\\\/uploads\\\/2022\\\/02\\\/SMK_Leherin-Sachsen-Marke_RGB_Violett-Orange.svg\",\"caption\":\"LEHRERIN SACHSEN\"},\"image\":{\"@id\":\"https:\\\/\\\/lehrer-werden-in-sachsen.de\\\/#\\\/schema\\\/logo\\\/image\\\/\"}}]}<\/script>\n<!-- \/ Yoast SEO plugin. -->","yoast_head_json":{"title":"LEHRERIN SACHSEN | Infos f\u00fcr ausl\u00e4ndische Lehrkr\u00e4fte","description":"Dein Karrierestart als Lehrkraft in Sachsen. Erhalte Antworten auf deine Fragen zur Beratung, Zeugnisanerkennung, Verbeamtung etc.","robots":{"index":"index","follow":"follow","max-snippet":"max-snippet:-1","max-image-preview":"max-image-preview:large","max-video-preview":"max-video-preview:-1"},"canonical":"https:\/\/lehrer-werden-in-sachsen.de\/infos-fuer-auslaendische-lehrkrafte\/","og_locale":"de_DE","og_type":"article","og_title":"LEHRERIN SACHSEN | Infos f\u00fcr ausl\u00e4ndische Lehrkr\u00e4fte","og_description":"Dein Karrierestart als Lehrkraft in Sachsen. Erhalte Antworten auf deine Fragen zur Beratung, Zeugnisanerkennung, Verbeamtung etc.","og_url":"https:\/\/lehrer-werden-in-sachsen.de\/infos-fuer-auslaendische-lehrkrafte\/","og_site_name":"LEHRERIN SACHSEN","article_modified_time":"2025-12-03T19:10:20+00:00","og_image":[{"width":1920,"height":1080,"url":"https:\/\/lehrer-werden-in-sachsen.de\/wp-content\/uploads\/2024\/05\/lehrerinsachsen_header_infos_fuer_auslaendische_bewerber.jpg","type":"image\/jpeg"}],"twitter_card":"summary_large_image","twitter_misc":{"Gesch\u00e4tzte Lesezeit":"3\u00a0Minuten"},"schema":{"@context":"https:\/\/schema.org","@graph":[{"@type":"WebPage","@id":"https:\/\/lehrer-werden-in-sachsen.de\/infos-fuer-auslaendische-lehrkrafte\/","url":"https:\/\/lehrer-werden-in-sachsen.de\/infos-fuer-auslaendische-lehrkrafte\/","name":"LEHRERIN SACHSEN | Infos f\u00fcr ausl\u00e4ndische Lehrkr\u00e4fte","isPartOf":{"@id":"https:\/\/lehrer-werden-in-sachsen.de\/#website"},"primaryImageOfPage":{"@id":"https:\/\/lehrer-werden-in-sachsen.de\/infos-fuer-auslaendische-lehrkrafte\/#primaryimage"},"image":{"@id":"https:\/\/lehrer-werden-in-sachsen.de\/infos-fuer-auslaendische-lehrkrafte\/#primaryimage"},"thumbnailUrl":"https:\/\/lehrer-werden-in-sachsen.de\/stage\/wp-content\/uploads\/2024\/05\/lehrerinsachsen_header_infos_fuer_auslaendische_bewerber.jpg","datePublished":"2024-05-16T13:40:55+00:00","dateModified":"2025-12-03T19:10:20+00:00","description":"Dein Karrierestart als Lehrkraft in Sachsen. Erhalte Antworten auf deine Fragen zur Beratung, Zeugnisanerkennung, Verbeamtung etc.","breadcrumb":{"@id":"https:\/\/lehrer-werden-in-sachsen.de\/infos-fuer-auslaendische-lehrkrafte\/#breadcrumb"},"inLanguage":"de","potentialAction":[{"@type":"ReadAction","target":["https:\/\/lehrer-werden-in-sachsen.de\/infos-fuer-auslaendische-lehrkrafte\/"]}]},{"@type":"ImageObject","inLanguage":"de","@id":"https:\/\/lehrer-werden-in-sachsen.de\/infos-fuer-auslaendische-lehrkrafte\/#primaryimage","url":"https:\/\/lehrer-werden-in-sachsen.de\/stage\/wp-content\/uploads\/2024\/05\/lehrerinsachsen_header_infos_fuer_auslaendische_bewerber.jpg","contentUrl":"https:\/\/lehrer-werden-in-sachsen.de\/stage\/wp-content\/uploads\/2024\/05\/lehrerinsachsen_header_infos_fuer_auslaendische_bewerber.jpg","width":1920,"height":1080,"caption":"Regal mit Sch\u00fcler-Unterlagen"},{"@type":"BreadcrumbList","@id":"https:\/\/lehrer-werden-in-sachsen.de\/infos-fuer-auslaendische-lehrkrafte\/#breadcrumb","itemListElement":[{"@type":"ListItem","position":1,"name":"Startseite","item":"https:\/\/lehrer-werden-in-sachsen.de\/"},{"@type":"ListItem","position":2,"name":"Infos f\u00fcr ausl\u00e4ndische Lehrkr\u00e4fte"}]},{"@type":"WebSite","@id":"https:\/\/lehrer-werden-in-sachsen.de\/#website","url":"https:\/\/lehrer-werden-in-sachsen.de\/","name":"LEHRERIN SACHSEN","description":"Eine Klasse f\u00fcr sich.","publisher":{"@id":"https:\/\/lehrer-werden-in-sachsen.de\/#organization"},"potentialAction":[{"@type":"SearchAction","target":{"@type":"EntryPoint","urlTemplate":"https:\/\/lehrer-werden-in-sachsen.de\/?s={search_term_string}"},"query-input":{"@type":"PropertyValueSpecification","valueRequired":true,"valueName":"search_term_string"}}],"inLanguage":"de"},{"@type":"Organization","@id":"https:\/\/lehrer-werden-in-sachsen.de\/#organization","name":"LEHRERIN SACHSEN","url":"https:\/\/lehrer-werden-in-sachsen.de\/","logo":{"@type":"ImageObject","inLanguage":"de","@id":"https:\/\/lehrer-werden-in-sachsen.de\/#\/schema\/logo\/image\/","url":"https:\/\/lehrer-werden-in-sachsen.de\/stage\/wp-content\/uploads\/2022\/02\/SMK_Leherin-Sachsen-Marke_RGB_Violett-Orange.svg","contentUrl":"https:\/\/lehrer-werden-in-sachsen.de\/stage\/wp-content\/uploads\/2022\/02\/SMK_Leherin-Sachsen-Marke_RGB_Violett-Orange.svg","caption":"LEHRERIN SACHSEN"},"image":{"@id":"https:\/\/lehrer-werden-in-sachsen.de\/#\/schema\/logo\/image\/"}}]}},"_links":{"self":[{"href":"https:\/\/lehrer-werden-in-sachsen.de\/stage\/wp-json\/wp\/v2\/pages\/14973","targetHints":{"allow":["GET"]}}],"collection":[{"href":"https:\/\/lehrer-werden-in-sachsen.de\/stage\/wp-json\/wp\/v2\/pages"}],"about":[{"href":"https:\/\/lehrer-werden-in-sachsen.de\/stage\/wp-json\/wp\/v2\/types\/page"}],"author":[{"embeddable":true,"href":"https:\/\/lehrer-werden-in-sachsen.de\/stage\/wp-json\/wp\/v2\/users\/13"}],"replies":[{"embeddable":true,"href":"https:\/\/lehrer-werden-in-sachsen.de\/stage\/wp-json\/wp\/v2\/comments?post=14973"}],"version-history":[{"count":309,"href":"https:\/\/lehrer-werden-in-sachsen.de\/stage\/wp-json\/wp\/v2\/pages\/14973\/revisions"}],"predecessor-version":[{"id":25160,"href":"https:\/\/lehrer-werden-in-sachsen.de\/stage\/wp-json\/wp\/v2\/pages\/14973\/revisions\/25160"}],"wp:featuredmedia":[{"embeddable":true,"href":"https:\/\/lehrer-werden-in-sachsen.de\/stage\/wp-json\/wp\/v2\/media\/15062"}],"wp:attachment":[{"href":"https:\/\/lehrer-werden-in-sachsen.de\/stage\/wp-json\/wp\/v2\/media?parent=14973"}],"curies":[{"name":"wp","href":"https:\/\/api.w.org\/{rel}","templated":true}]}}