{"id":10984,"date":"2023-08-24T14:12:16","date_gmt":"2023-08-24T12:12:16","guid":{"rendered":"https:\/\/lehrer-werden-in-sachsen.de\/stage\/?page_id=10984"},"modified":"2026-01-28T16:05:10","modified_gmt":"2026-01-28T15:05:10","slug":"infos-zum-vorbereitungsdienst","status":"publish","type":"page","link":"https:\/\/lehrer-werden-in-sachsen.de\/stage\/infos-zum-vorbereitungsdienst\/","title":{"rendered":"Infos zum Vorbereitungsdienst"},"content":{"rendered":"<div  class=\"ewd-ufaq-faq-list ewd-ufaq-page-type-distinct ewd-ufaq-category-tabs-\" id='ewd-ufaq-faq-list'>\n\n\t<input type='hidden' name='show_on_load' value='' id='ewd-ufaq-show-on-load' \/>\n<input type='hidden' name='include_category' value='' id='ewd-ufaq-include-category' \/>\n<input type='hidden' name='exclude_category' value='' id='ewd-ufaq-exclude-category' \/>\n<input type='hidden' name='orderby' value='date' id='ewd-ufaq-orderby' \/>\n<input type='hidden' name='order' value='desc' id='ewd-ufaq-order' \/>\n<input type='hidden' name='post_count' value='-1' id='ewd-ufaq-post-count' \/>\n<input type='hidden' name='current_url' value='\/stage\/wp-json\/wp\/v2\/pages\/10984' id='ewd-ufaq-current-url' \/>\n\t\n\t\n\t<div class='ewd-ufaq-faqs'>\n\n\t\t<div  class=\"ewd-ufaq-faq-div ewd-ufaq-faq-column-count-one ewd-ufaq-faq-responsive-columns- ewd-ufaq-faq-display-style-default ewd-ufaq-can-be-toggled\" id='ewd-ufaq-post-3284-P9dz8ew7Le' data-post_id='3284'>\n\n\t\t\n\t<div class='ewd-ufaq-faq-title ewd-ufaq-faq-toggle'>\n\t\n\t<a class='ewd-ufaq-post-margin'  href='#' role=\"button\">\n\n\t\t<div class='ewd-ufaq-post-margin-symbol ewd-ufaq-'>\n\t\t\t<span >A<\/span>\n\t\t<\/div>\n\n\t\t<div class='ewd-ufaq-faq-title-text'>\n\n\t\t\t<h4>\n\t\t\t\tGibt es die M\u00f6glichkeit zu unterrichten, bevor der Vorbereitungsdienst beginnt?\t\t\t<\/h4>\n\n\t\t<\/div>\n\n\t\t<div class='ewd-ufaq-clear'><\/div>\n\n\t<\/a>\n\t\n<\/div>\n\t\n\t<div class='ewd-ufaq-faq-body' >\n\n\t\t\n\t\t\t\n\t\t\n\t\t\t<div class='ewd-ufaq-post-margin ewd-ufaq-faq-post'>\n\t<p>Nach deiner Ersten Staatspr\u00fcfung hast du die M\u00f6glichkeit, als <strong>Vertretungslehrkraft<\/strong> zu arbeiten. Du kannst dich f\u00fcr das Programm Unterrichtsversorgung im Personalreferat eines Standortes des <a href=\"https:\/\/www.lasub.smk.sachsen.de\/index.html\" title=\"Landesamt f\u00fcr Schule und Bildung\" target=\"_blank\" rel=\"noopener\">Landesamtes f\u00fcr Schule und Bildung (LaSuB)<\/a> anmelden. Besteht f\u00fcr dein Qualifikationsprofil Bedarf, erh\u00e4ltst du einen befristeten Arbeitsvertrag. Einige Schularten und Regionen bieten auch die unbefristete Einstellung an.<\/p>\n<\/div>\n\t\t\n\t\t\t\n\t\t\n\t\t\t\n\t\t\n\t\t\t\n\t\t\n\t\t\t\n\t\t\n\t\t\t\n\t\t\n\t\t\t\n\t\t\n\t\t\t\n\t\t\n\t\t\t\n\t\t\n\t<\/div>\n\n<\/div>\n\t<\/div>\n\n\t\n<\/div>","protected":false},"excerpt":{"rendered":"<p>A Gibt es die M\u00f6glichkeit zu unterrichten, bevor der Vorbereitungsdienst beginnt? Nach deiner Ersten Staatspr\u00fcfung hast du die M\u00f6glichkeit, als Vertretungslehrkraft zu arbeiten. Du kannst dich f\u00fcr das Programm Unterrichtsversorgung im Personalreferat eines Standortes des Landesamtes f\u00fcr Schule und Bildung (LaSuB) anmelden. Besteht f\u00fcr dein Qualifikationsprofil Bedarf, erh\u00e4ltst du einen befristeten Arbeitsvertrag. Einige Schularten und [&hellip;]<\/p>\n","protected":false},"author":13,"featured_media":13030,"parent":0,"menu_order":0,"comment_status":"closed","ping_status":"closed","template":"","meta":{"footnotes":""},"class_list":["post-10984","page","type-page","status-publish","has-post-thumbnail","hentry"],"yoast_head":"<!-- This site is optimized with the Yoast SEO plugin v27.3 - https:\/\/yoast.com\/product\/yoast-seo-wordpress\/ -->\n<title>LEHRERIN SACHSEN | Infos zum Vorbereitungsdienst<\/title>\n<meta name=\"description\" content=\"Hier findest du alle wichtigen Infos zum Vorbereitungsdienst als angehende Lehrkraft. So startest du erfolgreich in dein Referendariat!\" \/>\n<meta name=\"robots\" content=\"index, follow, max-snippet:-1, max-image-preview:large, max-video-preview:-1\" \/>\n<link rel=\"canonical\" href=\"https:\/\/lehrer-werden-in-sachsen.de\/infos-zum-vorbereitungsdienst\/\" \/>\n<meta property=\"og:locale\" content=\"de_DE\" \/>\n<meta property=\"og:type\" content=\"article\" \/>\n<meta property=\"og:title\" content=\"LEHRERIN SACHSEN | Infos zum Vorbereitungsdienst\" \/>\n<meta property=\"og:description\" content=\"Hier findest du alle wichtigen Infos zum Vorbereitungsdienst als angehende Lehrkraft. So startest du erfolgreich in dein Referendariat!\" \/>\n<meta property=\"og:url\" content=\"https:\/\/lehrer-werden-in-sachsen.de\/infos-zum-vorbereitungsdienst\/\" \/>\n<meta property=\"og:site_name\" content=\"LEHRERIN SACHSEN\" \/>\n<meta property=\"article:modified_time\" content=\"2026-01-28T15:05:10+00:00\" \/>\n<meta property=\"og:image\" content=\"https:\/\/lehrer-werden-in-sachsen.de\/wp-content\/uploads\/2023\/11\/lehrerwerdeninsachsen-header-infos-zum-vorbereitungsdienst-1.jpg\" \/>\n\t<meta property=\"og:image:width\" content=\"1920\" \/>\n\t<meta property=\"og:image:height\" content=\"970\" \/>\n\t<meta property=\"og:image:type\" content=\"image\/jpeg\" \/>\n<meta name=\"twitter:card\" content=\"summary_large_image\" \/>\n<meta name=\"twitter:label1\" content=\"Gesch\u00e4tzte Lesezeit\" \/>\n\t<meta name=\"twitter:data1\" content=\"4\u00a0Minuten\" \/>\n<script type=\"application\/ld+json\" class=\"yoast-schema-graph\">{\"@context\":\"https:\\\/\\\/schema.org\",\"@graph\":[{\"@type\":\"WebPage\",\"@id\":\"https:\\\/\\\/lehrer-werden-in-sachsen.de\\\/infos-zum-vorbereitungsdienst\\\/\",\"url\":\"https:\\\/\\\/lehrer-werden-in-sachsen.de\\\/infos-zum-vorbereitungsdienst\\\/\",\"name\":\"LEHRERIN SACHSEN | Infos zum Vorbereitungsdienst\",\"isPartOf\":{\"@id\":\"https:\\\/\\\/lehrer-werden-in-sachsen.de\\\/#website\"},\"primaryImageOfPage\":{\"@id\":\"https:\\\/\\\/lehrer-werden-in-sachsen.de\\\/infos-zum-vorbereitungsdienst\\\/#primaryimage\"},\"image\":{\"@id\":\"https:\\\/\\\/lehrer-werden-in-sachsen.de\\\/infos-zum-vorbereitungsdienst\\\/#primaryimage\"},\"thumbnailUrl\":\"https:\\\/\\\/lehrer-werden-in-sachsen.de\\\/stage\\\/wp-content\\\/uploads\\\/2023\\\/11\\\/lehrerwerdeninsachsen-header-infos-zum-vorbereitungsdienst-1.jpg\",\"datePublished\":\"2023-08-24T12:12:16+00:00\",\"dateModified\":\"2026-01-28T15:05:10+00:00\",\"description\":\"Hier findest du alle wichtigen Infos zum Vorbereitungsdienst als angehende Lehrkraft. So startest du erfolgreich in dein Referendariat!\",\"breadcrumb\":{\"@id\":\"https:\\\/\\\/lehrer-werden-in-sachsen.de\\\/infos-zum-vorbereitungsdienst\\\/#breadcrumb\"},\"inLanguage\":\"de\",\"potentialAction\":[{\"@type\":\"ReadAction\",\"target\":[\"https:\\\/\\\/lehrer-werden-in-sachsen.de\\\/infos-zum-vorbereitungsdienst\\\/\"]}]},{\"@type\":\"ImageObject\",\"inLanguage\":\"de\",\"@id\":\"https:\\\/\\\/lehrer-werden-in-sachsen.de\\\/infos-zum-vorbereitungsdienst\\\/#primaryimage\",\"url\":\"https:\\\/\\\/lehrer-werden-in-sachsen.de\\\/stage\\\/wp-content\\\/uploads\\\/2023\\\/11\\\/lehrerwerdeninsachsen-header-infos-zum-vorbereitungsdienst-1.jpg\",\"contentUrl\":\"https:\\\/\\\/lehrer-werden-in-sachsen.de\\\/stage\\\/wp-content\\\/uploads\\\/2023\\\/11\\\/lehrerwerdeninsachsen-header-infos-zum-vorbereitungsdienst-1.jpg\",\"width\":1920,\"height\":970,\"caption\":\"Zwei Referendarinnen im Gang der Kurt-Masur-Grundschule Leipzig\"},{\"@type\":\"BreadcrumbList\",\"@id\":\"https:\\\/\\\/lehrer-werden-in-sachsen.de\\\/infos-zum-vorbereitungsdienst\\\/#breadcrumb\",\"itemListElement\":[{\"@type\":\"ListItem\",\"position\":1,\"name\":\"Startseite\",\"item\":\"https:\\\/\\\/lehrer-werden-in-sachsen.de\\\/\"},{\"@type\":\"ListItem\",\"position\":2,\"name\":\"Infos zum Vorbereitungsdienst\"}]},{\"@type\":\"WebSite\",\"@id\":\"https:\\\/\\\/lehrer-werden-in-sachsen.de\\\/#website\",\"url\":\"https:\\\/\\\/lehrer-werden-in-sachsen.de\\\/\",\"name\":\"LEHRERIN SACHSEN\",\"description\":\"Eine Klasse f\u00fcr sich.\",\"publisher\":{\"@id\":\"https:\\\/\\\/lehrer-werden-in-sachsen.de\\\/#organization\"},\"potentialAction\":[{\"@type\":\"SearchAction\",\"target\":{\"@type\":\"EntryPoint\",\"urlTemplate\":\"https:\\\/\\\/lehrer-werden-in-sachsen.de\\\/?s={search_term_string}\"},\"query-input\":{\"@type\":\"PropertyValueSpecification\",\"valueRequired\":true,\"valueName\":\"search_term_string\"}}],\"inLanguage\":\"de\"},{\"@type\":\"Organization\",\"@id\":\"https:\\\/\\\/lehrer-werden-in-sachsen.de\\\/#organization\",\"name\":\"LEHRERIN SACHSEN\",\"url\":\"https:\\\/\\\/lehrer-werden-in-sachsen.de\\\/\",\"logo\":{\"@type\":\"ImageObject\",\"inLanguage\":\"de\",\"@id\":\"https:\\\/\\\/lehrer-werden-in-sachsen.de\\\/#\\\/schema\\\/logo\\\/image\\\/\",\"url\":\"https:\\\/\\\/lehrer-werden-in-sachsen.de\\\/stage\\\/wp-content\\\/uploads\\\/2022\\\/02\\\/SMK_Leherin-Sachsen-Marke_RGB_Violett-Orange.svg\",\"contentUrl\":\"https:\\\/\\\/lehrer-werden-in-sachsen.de\\\/stage\\\/wp-content\\\/uploads\\\/2022\\\/02\\\/SMK_Leherin-Sachsen-Marke_RGB_Violett-Orange.svg\",\"caption\":\"LEHRERIN SACHSEN\"},\"image\":{\"@id\":\"https:\\\/\\\/lehrer-werden-in-sachsen.de\\\/#\\\/schema\\\/logo\\\/image\\\/\"}}]}<\/script>\n<!-- \/ Yoast SEO plugin. -->","yoast_head_json":{"title":"LEHRERIN SACHSEN | Infos zum Vorbereitungsdienst","description":"Hier findest du alle wichtigen Infos zum Vorbereitungsdienst als angehende Lehrkraft. So startest du erfolgreich in dein Referendariat!","robots":{"index":"index","follow":"follow","max-snippet":"max-snippet:-1","max-image-preview":"max-image-preview:large","max-video-preview":"max-video-preview:-1"},"canonical":"https:\/\/lehrer-werden-in-sachsen.de\/infos-zum-vorbereitungsdienst\/","og_locale":"de_DE","og_type":"article","og_title":"LEHRERIN SACHSEN | Infos zum Vorbereitungsdienst","og_description":"Hier findest du alle wichtigen Infos zum Vorbereitungsdienst als angehende Lehrkraft. So startest du erfolgreich in dein Referendariat!","og_url":"https:\/\/lehrer-werden-in-sachsen.de\/infos-zum-vorbereitungsdienst\/","og_site_name":"LEHRERIN SACHSEN","article_modified_time":"2026-01-28T15:05:10+00:00","og_image":[{"width":1920,"height":970,"url":"https:\/\/lehrer-werden-in-sachsen.de\/wp-content\/uploads\/2023\/11\/lehrerwerdeninsachsen-header-infos-zum-vorbereitungsdienst-1.jpg","type":"image\/jpeg"}],"twitter_card":"summary_large_image","twitter_misc":{"Gesch\u00e4tzte Lesezeit":"4\u00a0Minuten"},"schema":{"@context":"https:\/\/schema.org","@graph":[{"@type":"WebPage","@id":"https:\/\/lehrer-werden-in-sachsen.de\/infos-zum-vorbereitungsdienst\/","url":"https:\/\/lehrer-werden-in-sachsen.de\/infos-zum-vorbereitungsdienst\/","name":"LEHRERIN SACHSEN | Infos zum Vorbereitungsdienst","isPartOf":{"@id":"https:\/\/lehrer-werden-in-sachsen.de\/#website"},"primaryImageOfPage":{"@id":"https:\/\/lehrer-werden-in-sachsen.de\/infos-zum-vorbereitungsdienst\/#primaryimage"},"image":{"@id":"https:\/\/lehrer-werden-in-sachsen.de\/infos-zum-vorbereitungsdienst\/#primaryimage"},"thumbnailUrl":"https:\/\/lehrer-werden-in-sachsen.de\/stage\/wp-content\/uploads\/2023\/11\/lehrerwerdeninsachsen-header-infos-zum-vorbereitungsdienst-1.jpg","datePublished":"2023-08-24T12:12:16+00:00","dateModified":"2026-01-28T15:05:10+00:00","description":"Hier findest du alle wichtigen Infos zum Vorbereitungsdienst als angehende Lehrkraft. So startest du erfolgreich in dein Referendariat!","breadcrumb":{"@id":"https:\/\/lehrer-werden-in-sachsen.de\/infos-zum-vorbereitungsdienst\/#breadcrumb"},"inLanguage":"de","potentialAction":[{"@type":"ReadAction","target":["https:\/\/lehrer-werden-in-sachsen.de\/infos-zum-vorbereitungsdienst\/"]}]},{"@type":"ImageObject","inLanguage":"de","@id":"https:\/\/lehrer-werden-in-sachsen.de\/infos-zum-vorbereitungsdienst\/#primaryimage","url":"https:\/\/lehrer-werden-in-sachsen.de\/stage\/wp-content\/uploads\/2023\/11\/lehrerwerdeninsachsen-header-infos-zum-vorbereitungsdienst-1.jpg","contentUrl":"https:\/\/lehrer-werden-in-sachsen.de\/stage\/wp-content\/uploads\/2023\/11\/lehrerwerdeninsachsen-header-infos-zum-vorbereitungsdienst-1.jpg","width":1920,"height":970,"caption":"Zwei Referendarinnen im Gang der Kurt-Masur-Grundschule Leipzig"},{"@type":"BreadcrumbList","@id":"https:\/\/lehrer-werden-in-sachsen.de\/infos-zum-vorbereitungsdienst\/#breadcrumb","itemListElement":[{"@type":"ListItem","position":1,"name":"Startseite","item":"https:\/\/lehrer-werden-in-sachsen.de\/"},{"@type":"ListItem","position":2,"name":"Infos zum Vorbereitungsdienst"}]},{"@type":"WebSite","@id":"https:\/\/lehrer-werden-in-sachsen.de\/#website","url":"https:\/\/lehrer-werden-in-sachsen.de\/","name":"LEHRERIN SACHSEN","description":"Eine Klasse f\u00fcr sich.","publisher":{"@id":"https:\/\/lehrer-werden-in-sachsen.de\/#organization"},"potentialAction":[{"@type":"SearchAction","target":{"@type":"EntryPoint","urlTemplate":"https:\/\/lehrer-werden-in-sachsen.de\/?s={search_term_string}"},"query-input":{"@type":"PropertyValueSpecification","valueRequired":true,"valueName":"search_term_string"}}],"inLanguage":"de"},{"@type":"Organization","@id":"https:\/\/lehrer-werden-in-sachsen.de\/#organization","name":"LEHRERIN SACHSEN","url":"https:\/\/lehrer-werden-in-sachsen.de\/","logo":{"@type":"ImageObject","inLanguage":"de","@id":"https:\/\/lehrer-werden-in-sachsen.de\/#\/schema\/logo\/image\/","url":"https:\/\/lehrer-werden-in-sachsen.de\/stage\/wp-content\/uploads\/2022\/02\/SMK_Leherin-Sachsen-Marke_RGB_Violett-Orange.svg","contentUrl":"https:\/\/lehrer-werden-in-sachsen.de\/stage\/wp-content\/uploads\/2022\/02\/SMK_Leherin-Sachsen-Marke_RGB_Violett-Orange.svg","caption":"LEHRERIN SACHSEN"},"image":{"@id":"https:\/\/lehrer-werden-in-sachsen.de\/#\/schema\/logo\/image\/"}}]}},"_links":{"self":[{"href":"https:\/\/lehrer-werden-in-sachsen.de\/stage\/wp-json\/wp\/v2\/pages\/10984","targetHints":{"allow":["GET"]}}],"collection":[{"href":"https:\/\/lehrer-werden-in-sachsen.de\/stage\/wp-json\/wp\/v2\/pages"}],"about":[{"href":"https:\/\/lehrer-werden-in-sachsen.de\/stage\/wp-json\/wp\/v2\/types\/page"}],"author":[{"embeddable":true,"href":"https:\/\/lehrer-werden-in-sachsen.de\/stage\/wp-json\/wp\/v2\/users\/13"}],"replies":[{"embeddable":true,"href":"https:\/\/lehrer-werden-in-sachsen.de\/stage\/wp-json\/wp\/v2\/comments?post=10984"}],"version-history":[{"count":627,"href":"https:\/\/lehrer-werden-in-sachsen.de\/stage\/wp-json\/wp\/v2\/pages\/10984\/revisions"}],"predecessor-version":[{"id":25946,"href":"https:\/\/lehrer-werden-in-sachsen.de\/stage\/wp-json\/wp\/v2\/pages\/10984\/revisions\/25946"}],"wp:featuredmedia":[{"embeddable":true,"href":"https:\/\/lehrer-werden-in-sachsen.de\/stage\/wp-json\/wp\/v2\/media\/13030"}],"wp:attachment":[{"href":"https:\/\/lehrer-werden-in-sachsen.de\/stage\/wp-json\/wp\/v2\/media?parent=10984"}],"curies":[{"name":"wp","href":"https:\/\/api.w.org\/{rel}","templated":true}]}}