{"id":10940,"date":"2023-08-23T15:56:36","date_gmt":"2023-08-23T13:56:36","guid":{"rendered":"https:\/\/lehrer-werden-in-sachsen.de\/stage\/?page_id=10940"},"modified":"2026-04-01T10:43:45","modified_gmt":"2026-04-01T08:43:45","slug":"infos-zum-seiteneinstieg","status":"publish","type":"page","link":"https:\/\/lehrer-werden-in-sachsen.de\/stage\/infos-zum-seiteneinstieg\/","title":{"rendered":"Infos zum Seiteneinstieg"},"content":{"rendered":"<div  class=\"ewd-ufaq-faq-list ewd-ufaq-page-type-distinct ewd-ufaq-category-tabs-\" id='ewd-ufaq-faq-list'>\n\n\t<input type='hidden' name='show_on_load' value='' id='ewd-ufaq-show-on-load' \/>\n<input type='hidden' name='include_category' value='' id='ewd-ufaq-include-category' \/>\n<input type='hidden' name='exclude_category' value='' id='ewd-ufaq-exclude-category' \/>\n<input type='hidden' name='orderby' value='date' id='ewd-ufaq-orderby' \/>\n<input type='hidden' name='order' value='desc' id='ewd-ufaq-order' \/>\n<input type='hidden' name='post_count' value='-1' id='ewd-ufaq-post-count' \/>\n<input type='hidden' name='current_url' value='\/stage\/wp-json\/wp\/v2\/pages\/10940' id='ewd-ufaq-current-url' \/>\n\t\n\t\n\t<div class='ewd-ufaq-faqs'>\n\n\t\t<div  class=\"ewd-ufaq-faq-div ewd-ufaq-faq-column-count-one ewd-ufaq-faq-responsive-columns- ewd-ufaq-faq-display-style-default ewd-ufaq-can-be-toggled\" id='ewd-ufaq-post-12652-kyJaK41QUp' data-post_id='12652'>\n\n\t\t\n\t<div class='ewd-ufaq-faq-title ewd-ufaq-faq-toggle'>\n\t\n\t<a class='ewd-ufaq-post-margin'  href='#' role=\"button\">\n\n\t\t<div class='ewd-ufaq-post-margin-symbol ewd-ufaq-'>\n\t\t\t<span >A<\/span>\n\t\t<\/div>\n\n\t\t<div class='ewd-ufaq-faq-title-text'>\n\n\t\t\t<h4>\n\t\t\t\tWo findet die Einstiegsfortbildung statt und wie ist sie organisiert?\t\t\t<\/h4>\n\n\t\t<\/div>\n\n\t\t<div class='ewd-ufaq-clear'><\/div>\n\n\t<\/a>\n\t\n<\/div>\n\t\n\t<div class='ewd-ufaq-faq-body' >\n\n\t\t\n\t\t\t\n\t\t\n\t\t\t<div class='ewd-ufaq-post-margin ewd-ufaq-faq-post'>\n\t<p>Die Einstiegsfortbildung findet in Kursen, die nach Schulart organisiert sind, an unterschiedlichen au\u00dferschulischen Lernorten in ganz Sachsen statt.<br \/>Die dreimonatige Fortbildung beinhaltet 27 Seminartage, die in Pr\u00e4senz oder online organisiert sind. Die Verteilung der Seminartage ist f\u00fcr jeden Kurs verschieden. Neben den Seminartagen, gibt es Hospitationstage an der dir zugewiesenen Schule sowie Tage f\u00fcr dein individuelles Selbststudium.<\/p>\n<p>Die Einstiegsfortbildung kann nur in Vollzeit absolviert werden und in dieser Zeit gibt es auch keinen Urlaubanspruch.<\/p>\n<p>Die Module der Einstiegsfortbildung besch\u00e4ftigen sich mit den Bereichen:<br \/>\u2022 Berufliches Selbstverst\u00e4ndnis und professionelle Perspektive<br \/>\u2022 Soziale Beziehungen in Schule gestalten<br \/>\u2022 Unterricht planen, durchf\u00fchren und reflektieren<br \/>\u2022 Individuelle Lernprozesse unterst\u00fctzen und begleiten<br \/>\u2022 Leistungen ermitteln und bewerten<br \/>\u2022 Sich selbst managen<\/p>\n<p>Spezielle Fragen zur Einstiegsfortbildung und zur inhaltlichen Gestaltung deiner Lehrpl\u00e4ne werden dir am Standort Radebeul beantwortet.<br \/>Servicetelefon: +49 (0) 351 8324-424 und +49 (0) 351 8324-30<br \/><a href=\"mailto:anfragen-r@lasub.smk.sachsen.de\" title=\"Mail an anfragen-r@lasub.smk.sachsen.de\">Mail nach Radebeul absenden<\/a><\/p>\n<\/div>\n\t\t\n\t\t\t\n\t\t\n\t\t\t\n\t\t\n\t\t\t\n\t\t\n\t\t\t\n\t\t\n\t\t\t\n\t\t\n\t\t\t\n\t\t\n\t\t\t\n\t\t\n\t\t\t\n\t\t\n\t<\/div>\n\n<\/div>\n\t<\/div>\n\n\t\n<\/div>","protected":false},"excerpt":{"rendered":"<p>A Wo findet die Einstiegsfortbildung statt und wie ist sie organisiert? Die Einstiegsfortbildung findet in Kursen, die nach Schulart organisiert sind, an unterschiedlichen au\u00dferschulischen Lernorten in ganz Sachsen statt.Die dreimonatige Fortbildung beinhaltet 27 Seminartage, die in Pr\u00e4senz oder online organisiert sind. Die Verteilung der Seminartage ist f\u00fcr jeden Kurs verschieden. Neben den Seminartagen, gibt es [&hellip;]<\/p>\n","protected":false},"author":13,"featured_media":26254,"parent":0,"menu_order":0,"comment_status":"closed","ping_status":"closed","template":"","meta":{"footnotes":""},"class_list":["post-10940","page","type-page","status-publish","has-post-thumbnail","hentry"],"yoast_head":"<!-- This site is optimized with the Yoast SEO plugin v27.3 - https:\/\/yoast.com\/product\/yoast-seo-wordpress\/ -->\n<title>LEHRERIN SACHSEN | Infos zum Seiteneinstieg<\/title>\n<meta name=\"description\" content=\"Erfahre alles \u00fcber deine M\u00f6glichkeiten, Einstellungschancen und dein Gehalt als Seiteneinsteiger im s\u00e4chsischen Schuldienst.\" \/>\n<meta name=\"robots\" content=\"index, follow, max-snippet:-1, max-image-preview:large, max-video-preview:-1\" \/>\n<link rel=\"canonical\" href=\"https:\/\/lehrer-werden-in-sachsen.de\/infos-zum-seiteneinstieg\/\" \/>\n<meta property=\"og:locale\" content=\"de_DE\" \/>\n<meta property=\"og:type\" content=\"article\" \/>\n<meta property=\"og:title\" content=\"LEHRERIN SACHSEN | Infos zum Seiteneinstieg\" \/>\n<meta property=\"og:description\" content=\"Erfahre alles \u00fcber deine M\u00f6glichkeiten, Einstellungschancen und dein Gehalt als Seiteneinsteiger im s\u00e4chsischen Schuldienst.\" \/>\n<meta property=\"og:url\" content=\"https:\/\/lehrer-werden-in-sachsen.de\/infos-zum-seiteneinstieg\/\" \/>\n<meta property=\"og:site_name\" content=\"LEHRERIN SACHSEN\" \/>\n<meta property=\"article:modified_time\" content=\"2026-04-01T08:43:45+00:00\" \/>\n<meta property=\"og:image\" content=\"https:\/\/lehrer-werden-in-sachsen.de\/wp-content\/uploads\/2026\/03\/lehrerzimmer-lehrergespraech.jpg\" \/>\n\t<meta property=\"og:image:width\" content=\"1920\" \/>\n\t<meta property=\"og:image:height\" content=\"970\" \/>\n\t<meta property=\"og:image:type\" content=\"image\/jpeg\" \/>\n<meta name=\"twitter:card\" content=\"summary_large_image\" \/>\n<meta name=\"twitter:label1\" content=\"Gesch\u00e4tzte Lesezeit\" \/>\n\t<meta name=\"twitter:data1\" content=\"6\u00a0Minuten\" \/>\n<script type=\"application\/ld+json\" class=\"yoast-schema-graph\">{\"@context\":\"https:\\\/\\\/schema.org\",\"@graph\":[{\"@type\":\"WebPage\",\"@id\":\"https:\\\/\\\/lehrer-werden-in-sachsen.de\\\/infos-zum-seiteneinstieg\\\/\",\"url\":\"https:\\\/\\\/lehrer-werden-in-sachsen.de\\\/infos-zum-seiteneinstieg\\\/\",\"name\":\"LEHRERIN SACHSEN | Infos zum Seiteneinstieg\",\"isPartOf\":{\"@id\":\"https:\\\/\\\/lehrer-werden-in-sachsen.de\\\/#website\"},\"primaryImageOfPage\":{\"@id\":\"https:\\\/\\\/lehrer-werden-in-sachsen.de\\\/infos-zum-seiteneinstieg\\\/#primaryimage\"},\"image\":{\"@id\":\"https:\\\/\\\/lehrer-werden-in-sachsen.de\\\/infos-zum-seiteneinstieg\\\/#primaryimage\"},\"thumbnailUrl\":\"https:\\\/\\\/lehrer-werden-in-sachsen.de\\\/stage\\\/wp-content\\\/uploads\\\/2026\\\/03\\\/lehrerzimmer-lehrergespraech.jpg\",\"datePublished\":\"2023-08-23T13:56:36+00:00\",\"dateModified\":\"2026-04-01T08:43:45+00:00\",\"description\":\"Erfahre alles \u00fcber deine M\u00f6glichkeiten, Einstellungschancen und dein Gehalt als Seiteneinsteiger im s\u00e4chsischen Schuldienst.\",\"breadcrumb\":{\"@id\":\"https:\\\/\\\/lehrer-werden-in-sachsen.de\\\/infos-zum-seiteneinstieg\\\/#breadcrumb\"},\"inLanguage\":\"de\",\"potentialAction\":[{\"@type\":\"ReadAction\",\"target\":[\"https:\\\/\\\/lehrer-werden-in-sachsen.de\\\/infos-zum-seiteneinstieg\\\/\"]}]},{\"@type\":\"ImageObject\",\"inLanguage\":\"de\",\"@id\":\"https:\\\/\\\/lehrer-werden-in-sachsen.de\\\/infos-zum-seiteneinstieg\\\/#primaryimage\",\"url\":\"https:\\\/\\\/lehrer-werden-in-sachsen.de\\\/stage\\\/wp-content\\\/uploads\\\/2026\\\/03\\\/lehrerzimmer-lehrergespraech.jpg\",\"contentUrl\":\"https:\\\/\\\/lehrer-werden-in-sachsen.de\\\/stage\\\/wp-content\\\/uploads\\\/2026\\\/03\\\/lehrerzimmer-lehrergespraech.jpg\",\"width\":1920,\"height\":970,\"caption\":\"Lehrerzimmer: Ein Dozent mit Brille spricht in einem hellen Raum, h\u00e4lt ein Heft ge\u00f6ffnet und gestikuliert, w\u00e4hrend eine Person im Vordergrund zu sehen ist.\"},{\"@type\":\"BreadcrumbList\",\"@id\":\"https:\\\/\\\/lehrer-werden-in-sachsen.de\\\/infos-zum-seiteneinstieg\\\/#breadcrumb\",\"itemListElement\":[{\"@type\":\"ListItem\",\"position\":1,\"name\":\"Startseite\",\"item\":\"https:\\\/\\\/lehrer-werden-in-sachsen.de\\\/\"},{\"@type\":\"ListItem\",\"position\":2,\"name\":\"Infos zum Seiteneinstieg\"}]},{\"@type\":\"WebSite\",\"@id\":\"https:\\\/\\\/lehrer-werden-in-sachsen.de\\\/#website\",\"url\":\"https:\\\/\\\/lehrer-werden-in-sachsen.de\\\/\",\"name\":\"LEHRERIN SACHSEN\",\"description\":\"Eine Klasse f\u00fcr sich.\",\"publisher\":{\"@id\":\"https:\\\/\\\/lehrer-werden-in-sachsen.de\\\/#organization\"},\"potentialAction\":[{\"@type\":\"SearchAction\",\"target\":{\"@type\":\"EntryPoint\",\"urlTemplate\":\"https:\\\/\\\/lehrer-werden-in-sachsen.de\\\/?s={search_term_string}\"},\"query-input\":{\"@type\":\"PropertyValueSpecification\",\"valueRequired\":true,\"valueName\":\"search_term_string\"}}],\"inLanguage\":\"de\"},{\"@type\":\"Organization\",\"@id\":\"https:\\\/\\\/lehrer-werden-in-sachsen.de\\\/#organization\",\"name\":\"LEHRERIN SACHSEN\",\"url\":\"https:\\\/\\\/lehrer-werden-in-sachsen.de\\\/\",\"logo\":{\"@type\":\"ImageObject\",\"inLanguage\":\"de\",\"@id\":\"https:\\\/\\\/lehrer-werden-in-sachsen.de\\\/#\\\/schema\\\/logo\\\/image\\\/\",\"url\":\"https:\\\/\\\/lehrer-werden-in-sachsen.de\\\/stage\\\/wp-content\\\/uploads\\\/2022\\\/02\\\/SMK_Leherin-Sachsen-Marke_RGB_Violett-Orange.svg\",\"contentUrl\":\"https:\\\/\\\/lehrer-werden-in-sachsen.de\\\/stage\\\/wp-content\\\/uploads\\\/2022\\\/02\\\/SMK_Leherin-Sachsen-Marke_RGB_Violett-Orange.svg\",\"caption\":\"LEHRERIN SACHSEN\"},\"image\":{\"@id\":\"https:\\\/\\\/lehrer-werden-in-sachsen.de\\\/#\\\/schema\\\/logo\\\/image\\\/\"}}]}<\/script>\n<!-- \/ Yoast SEO plugin. -->","yoast_head_json":{"title":"LEHRERIN SACHSEN | Infos zum Seiteneinstieg","description":"Erfahre alles \u00fcber deine M\u00f6glichkeiten, Einstellungschancen und dein Gehalt als Seiteneinsteiger im s\u00e4chsischen Schuldienst.","robots":{"index":"index","follow":"follow","max-snippet":"max-snippet:-1","max-image-preview":"max-image-preview:large","max-video-preview":"max-video-preview:-1"},"canonical":"https:\/\/lehrer-werden-in-sachsen.de\/infos-zum-seiteneinstieg\/","og_locale":"de_DE","og_type":"article","og_title":"LEHRERIN SACHSEN | Infos zum Seiteneinstieg","og_description":"Erfahre alles \u00fcber deine M\u00f6glichkeiten, Einstellungschancen und dein Gehalt als Seiteneinsteiger im s\u00e4chsischen Schuldienst.","og_url":"https:\/\/lehrer-werden-in-sachsen.de\/infos-zum-seiteneinstieg\/","og_site_name":"LEHRERIN SACHSEN","article_modified_time":"2026-04-01T08:43:45+00:00","og_image":[{"width":1920,"height":970,"url":"https:\/\/lehrer-werden-in-sachsen.de\/wp-content\/uploads\/2026\/03\/lehrerzimmer-lehrergespraech.jpg","type":"image\/jpeg"}],"twitter_card":"summary_large_image","twitter_misc":{"Gesch\u00e4tzte Lesezeit":"6\u00a0Minuten"},"schema":{"@context":"https:\/\/schema.org","@graph":[{"@type":"WebPage","@id":"https:\/\/lehrer-werden-in-sachsen.de\/infos-zum-seiteneinstieg\/","url":"https:\/\/lehrer-werden-in-sachsen.de\/infos-zum-seiteneinstieg\/","name":"LEHRERIN SACHSEN | Infos zum Seiteneinstieg","isPartOf":{"@id":"https:\/\/lehrer-werden-in-sachsen.de\/#website"},"primaryImageOfPage":{"@id":"https:\/\/lehrer-werden-in-sachsen.de\/infos-zum-seiteneinstieg\/#primaryimage"},"image":{"@id":"https:\/\/lehrer-werden-in-sachsen.de\/infos-zum-seiteneinstieg\/#primaryimage"},"thumbnailUrl":"https:\/\/lehrer-werden-in-sachsen.de\/stage\/wp-content\/uploads\/2026\/03\/lehrerzimmer-lehrergespraech.jpg","datePublished":"2023-08-23T13:56:36+00:00","dateModified":"2026-04-01T08:43:45+00:00","description":"Erfahre alles \u00fcber deine M\u00f6glichkeiten, Einstellungschancen und dein Gehalt als Seiteneinsteiger im s\u00e4chsischen Schuldienst.","breadcrumb":{"@id":"https:\/\/lehrer-werden-in-sachsen.de\/infos-zum-seiteneinstieg\/#breadcrumb"},"inLanguage":"de","potentialAction":[{"@type":"ReadAction","target":["https:\/\/lehrer-werden-in-sachsen.de\/infos-zum-seiteneinstieg\/"]}]},{"@type":"ImageObject","inLanguage":"de","@id":"https:\/\/lehrer-werden-in-sachsen.de\/infos-zum-seiteneinstieg\/#primaryimage","url":"https:\/\/lehrer-werden-in-sachsen.de\/stage\/wp-content\/uploads\/2026\/03\/lehrerzimmer-lehrergespraech.jpg","contentUrl":"https:\/\/lehrer-werden-in-sachsen.de\/stage\/wp-content\/uploads\/2026\/03\/lehrerzimmer-lehrergespraech.jpg","width":1920,"height":970,"caption":"Lehrerzimmer: Ein Dozent mit Brille spricht in einem hellen Raum, h\u00e4lt ein Heft ge\u00f6ffnet und gestikuliert, w\u00e4hrend eine Person im Vordergrund zu sehen ist."},{"@type":"BreadcrumbList","@id":"https:\/\/lehrer-werden-in-sachsen.de\/infos-zum-seiteneinstieg\/#breadcrumb","itemListElement":[{"@type":"ListItem","position":1,"name":"Startseite","item":"https:\/\/lehrer-werden-in-sachsen.de\/"},{"@type":"ListItem","position":2,"name":"Infos zum Seiteneinstieg"}]},{"@type":"WebSite","@id":"https:\/\/lehrer-werden-in-sachsen.de\/#website","url":"https:\/\/lehrer-werden-in-sachsen.de\/","name":"LEHRERIN SACHSEN","description":"Eine Klasse f\u00fcr sich.","publisher":{"@id":"https:\/\/lehrer-werden-in-sachsen.de\/#organization"},"potentialAction":[{"@type":"SearchAction","target":{"@type":"EntryPoint","urlTemplate":"https:\/\/lehrer-werden-in-sachsen.de\/?s={search_term_string}"},"query-input":{"@type":"PropertyValueSpecification","valueRequired":true,"valueName":"search_term_string"}}],"inLanguage":"de"},{"@type":"Organization","@id":"https:\/\/lehrer-werden-in-sachsen.de\/#organization","name":"LEHRERIN SACHSEN","url":"https:\/\/lehrer-werden-in-sachsen.de\/","logo":{"@type":"ImageObject","inLanguage":"de","@id":"https:\/\/lehrer-werden-in-sachsen.de\/#\/schema\/logo\/image\/","url":"https:\/\/lehrer-werden-in-sachsen.de\/stage\/wp-content\/uploads\/2022\/02\/SMK_Leherin-Sachsen-Marke_RGB_Violett-Orange.svg","contentUrl":"https:\/\/lehrer-werden-in-sachsen.de\/stage\/wp-content\/uploads\/2022\/02\/SMK_Leherin-Sachsen-Marke_RGB_Violett-Orange.svg","caption":"LEHRERIN SACHSEN"},"image":{"@id":"https:\/\/lehrer-werden-in-sachsen.de\/#\/schema\/logo\/image\/"}}]}},"_links":{"self":[{"href":"https:\/\/lehrer-werden-in-sachsen.de\/stage\/wp-json\/wp\/v2\/pages\/10940","targetHints":{"allow":["GET"]}}],"collection":[{"href":"https:\/\/lehrer-werden-in-sachsen.de\/stage\/wp-json\/wp\/v2\/pages"}],"about":[{"href":"https:\/\/lehrer-werden-in-sachsen.de\/stage\/wp-json\/wp\/v2\/types\/page"}],"author":[{"embeddable":true,"href":"https:\/\/lehrer-werden-in-sachsen.de\/stage\/wp-json\/wp\/v2\/users\/13"}],"replies":[{"embeddable":true,"href":"https:\/\/lehrer-werden-in-sachsen.de\/stage\/wp-json\/wp\/v2\/comments?post=10940"}],"version-history":[{"count":557,"href":"https:\/\/lehrer-werden-in-sachsen.de\/stage\/wp-json\/wp\/v2\/pages\/10940\/revisions"}],"predecessor-version":[{"id":26986,"href":"https:\/\/lehrer-werden-in-sachsen.de\/stage\/wp-json\/wp\/v2\/pages\/10940\/revisions\/26986"}],"wp:featuredmedia":[{"embeddable":true,"href":"https:\/\/lehrer-werden-in-sachsen.de\/stage\/wp-json\/wp\/v2\/media\/26254"}],"wp:attachment":[{"href":"https:\/\/lehrer-werden-in-sachsen.de\/stage\/wp-json\/wp\/v2\/media?parent=10940"}],"curies":[{"name":"wp","href":"https:\/\/api.w.org\/{rel}","templated":true}]}}