{"id":10928,"date":"2023-08-23T15:40:58","date_gmt":"2023-08-23T13:40:58","guid":{"rendered":"https:\/\/lehrer-werden-in-sachsen.de\/stage\/?page_id=10928"},"modified":"2026-01-09T17:37:44","modified_gmt":"2026-01-09T16:37:44","slug":"infos-zum-lehramtsstudium","status":"publish","type":"page","link":"https:\/\/lehrer-werden-in-sachsen.de\/stage\/infos-zum-lehramtsstudium\/","title":{"rendered":"Infos zum Lehramtsstudium"},"content":{"rendered":"<div  class=\"ewd-ufaq-faq-list ewd-ufaq-page-type-distinct ewd-ufaq-category-tabs-\" id='ewd-ufaq-faq-list'>\n\n\t<input type='hidden' name='show_on_load' value='' id='ewd-ufaq-show-on-load' \/>\n<input type='hidden' name='include_category' value='' id='ewd-ufaq-include-category' \/>\n<input type='hidden' name='exclude_category' value='' id='ewd-ufaq-exclude-category' \/>\n<input type='hidden' name='orderby' value='date' id='ewd-ufaq-orderby' \/>\n<input type='hidden' name='order' value='desc' id='ewd-ufaq-order' \/>\n<input type='hidden' name='post_count' value='-1' id='ewd-ufaq-post-count' \/>\n<input type='hidden' name='current_url' value='\/stage\/wp-json\/wp\/v2\/pages\/10928' id='ewd-ufaq-current-url' \/>\n\t\n\t\n\t<div class='ewd-ufaq-faqs'>\n\n\t\t<div  class=\"ewd-ufaq-faq-div ewd-ufaq-faq-column-count-one ewd-ufaq-faq-responsive-columns- ewd-ufaq-faq-display-style-default ewd-ufaq-can-be-toggled\" id='ewd-ufaq-post-3269-MAUZ2WEMwp' data-post_id='3269'>\n\n\t\t\n\t<div class='ewd-ufaq-faq-title ewd-ufaq-faq-toggle'>\n\t\n\t<a class='ewd-ufaq-post-margin'  href='#' role=\"button\">\n\n\t\t<div class='ewd-ufaq-post-margin-symbol ewd-ufaq-'>\n\t\t\t<span >A<\/span>\n\t\t<\/div>\n\n\t\t<div class='ewd-ufaq-faq-title-text'>\n\n\t\t\t<h4>\n\t\t\t\tWas muss ich hinsichtlich der Vorsorge f\u00fcr den Krankheits- und Pflegefall beachten?\t\t\t<\/h4>\n\n\t\t<\/div>\n\n\t\t<div class='ewd-ufaq-clear'><\/div>\n\n\t<\/a>\n\t\n<\/div>\n\t\n\t<div class='ewd-ufaq-faq-body' >\n\n\t\t\n\t\t\t\n\t\t\n\t\t\t<div class='ewd-ufaq-post-margin ewd-ufaq-faq-post'>\n\t<div class=\"ewa-rteLine\">Sind Beamtinnen und Beamte durch Krankheit an der Dienstleistung verhindert (arbeitsunf\u00e4hig), erhalten sie ihre Bez\u00fcge weiterhin zu 100 Prozent.<\/div>\n<div class=\"ewa-rteLine\">Im Gegensatz zu Tarifbesch\u00e4ftigten sind Beamtinnen und Beamte nicht gesetzlich krankenversichert.<\/div>\n<div>\u00a0<\/div>\n<div class=\"ewa-rteLine\">F\u00fcr ihre Aufwendungen in Krankheits-, Pflege-, Geburts- und anderen F\u00e4llen erhalten sie vielmehr (ggf. auch f\u00fcr Familienangeh\u00f6rige) von ihrem Dienstherrn anteilig eine finanzielle Unterst\u00fctzung, die sogenannten Beihilfeleistungen, in H\u00f6he von 50 bis 90 Prozent der entstandenen beihilfef\u00e4higen Kosten. Als passende Erg\u00e4nzung f\u00fcr die Aufwendungen, die nicht von der Beihilfe abgedeckt werden, erfolgt in der Regel der Abschluss einer privaten Krankenversicherung. Hier solltest du dir die verschiedenen Tarife und Versicherungsleistungen ganz genau anschauen; schlie\u00dflich spielen Faktoren wie die famili\u00e4ren Verh\u00e4ltnisse, das Alter oder Vorerkrankungen eine wichtige Rolle.<\/div>\n<div>\u00a0<\/div>\n<div class=\"ewa-rteLine\">Neben dieser individuellen Beihilfe haben Beamtinnen und Beamte in Sachsen seit dem 1. Januar 2024 auch die M\u00f6glichkeit, die neue pauschale Beihilfe zu w\u00e4hlen, wenn sie freiwillig in der gesetzlichen Krankenversicherung oder vollst\u00e4ndig, d. h. im Umfang von 100 %, in einer privaten Krankenversicherung versichert sind. In diesem Fall erhalten sie einen bis zu 50-%-igen Zuschuss zu den Krankenversicherungsbeitr\u00e4gen. Die Wahl der pauschalen Beihilfe ist eine freiwillige und unwiderrufliche Entscheidung.<\/div>\n<\/div>\n\t\t\n\t\t\t\n\t\t\n\t\t\t\n\t\t\n\t\t\t\n\t\t\n\t\t\t\n\t\t\n\t\t\t\n\t\t\n\t\t\t\n\t\t\n\t\t\t\n\t\t\n\t\t\t\n\t\t\n\t<\/div>\n\n<\/div>\n\t<\/div>\n\n\t\n<\/div>","protected":false},"excerpt":{"rendered":"<p>A Was muss ich hinsichtlich der Vorsorge f\u00fcr den Krankheits- und Pflegefall beachten? Sind Beamtinnen und Beamte durch Krankheit an der Dienstleistung verhindert (arbeitsunf\u00e4hig), erhalten sie ihre Bez\u00fcge weiterhin zu 100 Prozent. Im Gegensatz zu Tarifbesch\u00e4ftigten sind Beamtinnen und Beamte nicht gesetzlich krankenversichert. \u00a0 F\u00fcr ihre Aufwendungen in Krankheits-, Pflege-, Geburts- und anderen F\u00e4llen erhalten [&hellip;]<\/p>\n","protected":false},"author":13,"featured_media":12794,"parent":0,"menu_order":0,"comment_status":"closed","ping_status":"closed","template":"","meta":{"footnotes":""},"class_list":["post-10928","page","type-page","status-publish","has-post-thumbnail","hentry"],"yoast_head":"<!-- This site is optimized with the Yoast SEO plugin v27.3 - https:\/\/yoast.com\/product\/yoast-seo-wordpress\/ -->\n<title>LEHRERIN SACHSEN | Infos zum Lehramtsstudium<\/title>\n<meta name=\"description\" content=\"Erfahre alle wichtigen Infos zum Aufbau und Ablauf des Lehramtsstudiums in Sachsen. Finde Antworten auf deine Fragen in unserem FAQ.\" \/>\n<meta name=\"robots\" content=\"index, follow, max-snippet:-1, max-image-preview:large, max-video-preview:-1\" \/>\n<link rel=\"canonical\" href=\"https:\/\/lehrer-werden-in-sachsen.de\/infos-zum-lehramtsstudium\/\" \/>\n<meta property=\"og:locale\" content=\"de_DE\" \/>\n<meta property=\"og:type\" content=\"article\" \/>\n<meta property=\"og:title\" content=\"LEHRERIN SACHSEN | Infos zum Lehramtsstudium\" \/>\n<meta property=\"og:description\" content=\"Erfahre alle wichtigen Infos zum Aufbau und Ablauf des Lehramtsstudiums in Sachsen. Finde Antworten auf deine Fragen in unserem FAQ.\" \/>\n<meta property=\"og:url\" content=\"https:\/\/lehrer-werden-in-sachsen.de\/infos-zum-lehramtsstudium\/\" \/>\n<meta property=\"og:site_name\" content=\"LEHRERIN SACHSEN\" \/>\n<meta property=\"article:modified_time\" content=\"2026-01-09T16:37:44+00:00\" \/>\n<meta property=\"og:image\" content=\"https:\/\/lehrer-werden-in-sachsen.de\/wp-content\/uploads\/2023\/11\/lehrerwerdeninsachsen-header-infos-zum-lehramtsstudium.jpg\" \/>\n\t<meta property=\"og:image:width\" content=\"1920\" \/>\n\t<meta property=\"og:image:height\" content=\"970\" \/>\n\t<meta property=\"og:image:type\" content=\"image\/jpeg\" \/>\n<meta name=\"twitter:card\" content=\"summary_large_image\" \/>\n<meta name=\"twitter:label1\" content=\"Gesch\u00e4tzte Lesezeit\" \/>\n\t<meta name=\"twitter:data1\" content=\"12\u00a0Minuten\" \/>\n<script type=\"application\/ld+json\" class=\"yoast-schema-graph\">{\"@context\":\"https:\\\/\\\/schema.org\",\"@graph\":[{\"@type\":\"WebPage\",\"@id\":\"https:\\\/\\\/lehrer-werden-in-sachsen.de\\\/infos-zum-lehramtsstudium\\\/\",\"url\":\"https:\\\/\\\/lehrer-werden-in-sachsen.de\\\/infos-zum-lehramtsstudium\\\/\",\"name\":\"LEHRERIN SACHSEN | Infos zum Lehramtsstudium\",\"isPartOf\":{\"@id\":\"https:\\\/\\\/lehrer-werden-in-sachsen.de\\\/#website\"},\"primaryImageOfPage\":{\"@id\":\"https:\\\/\\\/lehrer-werden-in-sachsen.de\\\/infos-zum-lehramtsstudium\\\/#primaryimage\"},\"image\":{\"@id\":\"https:\\\/\\\/lehrer-werden-in-sachsen.de\\\/infos-zum-lehramtsstudium\\\/#primaryimage\"},\"thumbnailUrl\":\"https:\\\/\\\/lehrer-werden-in-sachsen.de\\\/stage\\\/wp-content\\\/uploads\\\/2023\\\/11\\\/lehrerwerdeninsachsen-header-infos-zum-lehramtsstudium.jpg\",\"datePublished\":\"2023-08-23T13:40:58+00:00\",\"dateModified\":\"2026-01-09T16:37:44+00:00\",\"description\":\"Erfahre alle wichtigen Infos zum Aufbau und Ablauf des Lehramtsstudiums in Sachsen. Finde Antworten auf deine Fragen in unserem FAQ.\",\"breadcrumb\":{\"@id\":\"https:\\\/\\\/lehrer-werden-in-sachsen.de\\\/infos-zum-lehramtsstudium\\\/#breadcrumb\"},\"inLanguage\":\"de\",\"potentialAction\":[{\"@type\":\"ReadAction\",\"target\":[\"https:\\\/\\\/lehrer-werden-in-sachsen.de\\\/infos-zum-lehramtsstudium\\\/\"]}]},{\"@type\":\"ImageObject\",\"inLanguage\":\"de\",\"@id\":\"https:\\\/\\\/lehrer-werden-in-sachsen.de\\\/infos-zum-lehramtsstudium\\\/#primaryimage\",\"url\":\"https:\\\/\\\/lehrer-werden-in-sachsen.de\\\/stage\\\/wp-content\\\/uploads\\\/2023\\\/11\\\/lehrerwerdeninsachsen-header-infos-zum-lehramtsstudium.jpg\",\"contentUrl\":\"https:\\\/\\\/lehrer-werden-in-sachsen.de\\\/stage\\\/wp-content\\\/uploads\\\/2023\\\/11\\\/lehrerwerdeninsachsen-header-infos-zum-lehramtsstudium.jpg\",\"width\":1920,\"height\":970,\"caption\":\"weibliche Person l\u00e4chelt in die Kamera\"},{\"@type\":\"BreadcrumbList\",\"@id\":\"https:\\\/\\\/lehrer-werden-in-sachsen.de\\\/infos-zum-lehramtsstudium\\\/#breadcrumb\",\"itemListElement\":[{\"@type\":\"ListItem\",\"position\":1,\"name\":\"Startseite\",\"item\":\"https:\\\/\\\/lehrer-werden-in-sachsen.de\\\/\"},{\"@type\":\"ListItem\",\"position\":2,\"name\":\"Infos zum Lehramtsstudium\"}]},{\"@type\":\"WebSite\",\"@id\":\"https:\\\/\\\/lehrer-werden-in-sachsen.de\\\/#website\",\"url\":\"https:\\\/\\\/lehrer-werden-in-sachsen.de\\\/\",\"name\":\"LEHRERIN SACHSEN\",\"description\":\"Eine Klasse f\u00fcr sich.\",\"publisher\":{\"@id\":\"https:\\\/\\\/lehrer-werden-in-sachsen.de\\\/#organization\"},\"potentialAction\":[{\"@type\":\"SearchAction\",\"target\":{\"@type\":\"EntryPoint\",\"urlTemplate\":\"https:\\\/\\\/lehrer-werden-in-sachsen.de\\\/?s={search_term_string}\"},\"query-input\":{\"@type\":\"PropertyValueSpecification\",\"valueRequired\":true,\"valueName\":\"search_term_string\"}}],\"inLanguage\":\"de\"},{\"@type\":\"Organization\",\"@id\":\"https:\\\/\\\/lehrer-werden-in-sachsen.de\\\/#organization\",\"name\":\"LEHRERIN SACHSEN\",\"url\":\"https:\\\/\\\/lehrer-werden-in-sachsen.de\\\/\",\"logo\":{\"@type\":\"ImageObject\",\"inLanguage\":\"de\",\"@id\":\"https:\\\/\\\/lehrer-werden-in-sachsen.de\\\/#\\\/schema\\\/logo\\\/image\\\/\",\"url\":\"https:\\\/\\\/lehrer-werden-in-sachsen.de\\\/stage\\\/wp-content\\\/uploads\\\/2022\\\/02\\\/SMK_Leherin-Sachsen-Marke_RGB_Violett-Orange.svg\",\"contentUrl\":\"https:\\\/\\\/lehrer-werden-in-sachsen.de\\\/stage\\\/wp-content\\\/uploads\\\/2022\\\/02\\\/SMK_Leherin-Sachsen-Marke_RGB_Violett-Orange.svg\",\"caption\":\"LEHRERIN SACHSEN\"},\"image\":{\"@id\":\"https:\\\/\\\/lehrer-werden-in-sachsen.de\\\/#\\\/schema\\\/logo\\\/image\\\/\"}}]}<\/script>\n<!-- \/ Yoast SEO plugin. -->","yoast_head_json":{"title":"LEHRERIN SACHSEN | Infos zum Lehramtsstudium","description":"Erfahre alle wichtigen Infos zum Aufbau und Ablauf des Lehramtsstudiums in Sachsen. Finde Antworten auf deine Fragen in unserem FAQ.","robots":{"index":"index","follow":"follow","max-snippet":"max-snippet:-1","max-image-preview":"max-image-preview:large","max-video-preview":"max-video-preview:-1"},"canonical":"https:\/\/lehrer-werden-in-sachsen.de\/infos-zum-lehramtsstudium\/","og_locale":"de_DE","og_type":"article","og_title":"LEHRERIN SACHSEN | Infos zum Lehramtsstudium","og_description":"Erfahre alle wichtigen Infos zum Aufbau und Ablauf des Lehramtsstudiums in Sachsen. Finde Antworten auf deine Fragen in unserem FAQ.","og_url":"https:\/\/lehrer-werden-in-sachsen.de\/infos-zum-lehramtsstudium\/","og_site_name":"LEHRERIN SACHSEN","article_modified_time":"2026-01-09T16:37:44+00:00","og_image":[{"width":1920,"height":970,"url":"https:\/\/lehrer-werden-in-sachsen.de\/wp-content\/uploads\/2023\/11\/lehrerwerdeninsachsen-header-infos-zum-lehramtsstudium.jpg","type":"image\/jpeg"}],"twitter_card":"summary_large_image","twitter_misc":{"Gesch\u00e4tzte Lesezeit":"12\u00a0Minuten"},"schema":{"@context":"https:\/\/schema.org","@graph":[{"@type":"WebPage","@id":"https:\/\/lehrer-werden-in-sachsen.de\/infos-zum-lehramtsstudium\/","url":"https:\/\/lehrer-werden-in-sachsen.de\/infos-zum-lehramtsstudium\/","name":"LEHRERIN SACHSEN | Infos zum Lehramtsstudium","isPartOf":{"@id":"https:\/\/lehrer-werden-in-sachsen.de\/#website"},"primaryImageOfPage":{"@id":"https:\/\/lehrer-werden-in-sachsen.de\/infos-zum-lehramtsstudium\/#primaryimage"},"image":{"@id":"https:\/\/lehrer-werden-in-sachsen.de\/infos-zum-lehramtsstudium\/#primaryimage"},"thumbnailUrl":"https:\/\/lehrer-werden-in-sachsen.de\/stage\/wp-content\/uploads\/2023\/11\/lehrerwerdeninsachsen-header-infos-zum-lehramtsstudium.jpg","datePublished":"2023-08-23T13:40:58+00:00","dateModified":"2026-01-09T16:37:44+00:00","description":"Erfahre alle wichtigen Infos zum Aufbau und Ablauf des Lehramtsstudiums in Sachsen. Finde Antworten auf deine Fragen in unserem FAQ.","breadcrumb":{"@id":"https:\/\/lehrer-werden-in-sachsen.de\/infos-zum-lehramtsstudium\/#breadcrumb"},"inLanguage":"de","potentialAction":[{"@type":"ReadAction","target":["https:\/\/lehrer-werden-in-sachsen.de\/infos-zum-lehramtsstudium\/"]}]},{"@type":"ImageObject","inLanguage":"de","@id":"https:\/\/lehrer-werden-in-sachsen.de\/infos-zum-lehramtsstudium\/#primaryimage","url":"https:\/\/lehrer-werden-in-sachsen.de\/stage\/wp-content\/uploads\/2023\/11\/lehrerwerdeninsachsen-header-infos-zum-lehramtsstudium.jpg","contentUrl":"https:\/\/lehrer-werden-in-sachsen.de\/stage\/wp-content\/uploads\/2023\/11\/lehrerwerdeninsachsen-header-infos-zum-lehramtsstudium.jpg","width":1920,"height":970,"caption":"weibliche Person l\u00e4chelt in die Kamera"},{"@type":"BreadcrumbList","@id":"https:\/\/lehrer-werden-in-sachsen.de\/infos-zum-lehramtsstudium\/#breadcrumb","itemListElement":[{"@type":"ListItem","position":1,"name":"Startseite","item":"https:\/\/lehrer-werden-in-sachsen.de\/"},{"@type":"ListItem","position":2,"name":"Infos zum Lehramtsstudium"}]},{"@type":"WebSite","@id":"https:\/\/lehrer-werden-in-sachsen.de\/#website","url":"https:\/\/lehrer-werden-in-sachsen.de\/","name":"LEHRERIN SACHSEN","description":"Eine Klasse f\u00fcr sich.","publisher":{"@id":"https:\/\/lehrer-werden-in-sachsen.de\/#organization"},"potentialAction":[{"@type":"SearchAction","target":{"@type":"EntryPoint","urlTemplate":"https:\/\/lehrer-werden-in-sachsen.de\/?s={search_term_string}"},"query-input":{"@type":"PropertyValueSpecification","valueRequired":true,"valueName":"search_term_string"}}],"inLanguage":"de"},{"@type":"Organization","@id":"https:\/\/lehrer-werden-in-sachsen.de\/#organization","name":"LEHRERIN SACHSEN","url":"https:\/\/lehrer-werden-in-sachsen.de\/","logo":{"@type":"ImageObject","inLanguage":"de","@id":"https:\/\/lehrer-werden-in-sachsen.de\/#\/schema\/logo\/image\/","url":"https:\/\/lehrer-werden-in-sachsen.de\/stage\/wp-content\/uploads\/2022\/02\/SMK_Leherin-Sachsen-Marke_RGB_Violett-Orange.svg","contentUrl":"https:\/\/lehrer-werden-in-sachsen.de\/stage\/wp-content\/uploads\/2022\/02\/SMK_Leherin-Sachsen-Marke_RGB_Violett-Orange.svg","caption":"LEHRERIN SACHSEN"},"image":{"@id":"https:\/\/lehrer-werden-in-sachsen.de\/#\/schema\/logo\/image\/"}}]}},"_links":{"self":[{"href":"https:\/\/lehrer-werden-in-sachsen.de\/stage\/wp-json\/wp\/v2\/pages\/10928","targetHints":{"allow":["GET"]}}],"collection":[{"href":"https:\/\/lehrer-werden-in-sachsen.de\/stage\/wp-json\/wp\/v2\/pages"}],"about":[{"href":"https:\/\/lehrer-werden-in-sachsen.de\/stage\/wp-json\/wp\/v2\/types\/page"}],"author":[{"embeddable":true,"href":"https:\/\/lehrer-werden-in-sachsen.de\/stage\/wp-json\/wp\/v2\/users\/13"}],"replies":[{"embeddable":true,"href":"https:\/\/lehrer-werden-in-sachsen.de\/stage\/wp-json\/wp\/v2\/comments?post=10928"}],"version-history":[{"count":694,"href":"https:\/\/lehrer-werden-in-sachsen.de\/stage\/wp-json\/wp\/v2\/pages\/10928\/revisions"}],"predecessor-version":[{"id":25651,"href":"https:\/\/lehrer-werden-in-sachsen.de\/stage\/wp-json\/wp\/v2\/pages\/10928\/revisions\/25651"}],"wp:featuredmedia":[{"embeddable":true,"href":"https:\/\/lehrer-werden-in-sachsen.de\/stage\/wp-json\/wp\/v2\/media\/12794"}],"wp:attachment":[{"href":"https:\/\/lehrer-werden-in-sachsen.de\/stage\/wp-json\/wp\/v2\/media?parent=10928"}],"curies":[{"name":"wp","href":"https:\/\/api.w.org\/{rel}","templated":true}]}}